{"id":5138,"date":"2021-03-15T19:10:54","date_gmt":"2021-03-15T18:10:54","guid":{"rendered":"https:\/\/captain-atlas.com\/?page_id=5138"},"modified":"2021-04-19T20:33:35","modified_gmt":"2021-04-19T19:33:35","slug":"nantes-en-plantes-award-winner","status":"publish","type":"page","link":"https:\/\/captain-atlas.com\/en\/news\/nantes-en-plantes-award-winner\/","title":{"rendered":"Nantes en plantes award winner"},"content":{"rendered":"<div data-elementor-type=\"wp-page\" data-elementor-id=\"5138\" class=\"elementor elementor-5138\" data-elementor-settings=\"{&quot;ha_cmc_init_switcher&quot;:&quot;no&quot;}\" data-elementor-post-type=\"page\">\n\t\t\t\t\t\t<section class=\"elementor-section elementor-top-section elementor-element elementor-element-27358d59 elementor-section-full_width elementor-section-height-default elementor-section-height-default\" data-id=\"27358d59\" data-element_type=\"section\" data-e-type=\"section\" data-settings=\"{&quot;background_background&quot;:&quot;classic&quot;,&quot;_ha_eqh_enable&quot;:false}\">\n\t\t\t\t\t\t<div class=\"elementor-container elementor-column-gap-default\">\n\t\t\t\t\t<div class=\"elementor-column elementor-col-25 elementor-top-column elementor-element elementor-element-2761beb8 elementor-hidden-phone elementor-hidden-tablet\" data-id=\"2761beb8\" data-element_type=\"column\" data-e-type=\"column\">\n\t\t\t<div class=\"elementor-widget-wrap\">\n\t\t\t\t\t\t\t<\/div>\n\t\t<\/div>\n\t\t\t\t<div class=\"elementor-column elementor-col-25 elementor-top-column elementor-element elementor-element-7e40a9bf\" data-id=\"7e40a9bf\" data-element_type=\"column\" data-e-type=\"column\">\n\t\t\t<div class=\"elementor-widget-wrap elementor-element-populated\">\n\t\t\t\t\t\t<div class=\"elementor-element elementor-element-725b7b03 elementor-widget elementor-widget-image\" data-id=\"725b7b03\" data-element_type=\"widget\" data-e-type=\"widget\" data-widget_type=\"image.default\">\n\t\t\t\t<div class=\"elementor-widget-container\">\n\t\t\t\t\t\t\t\t\t\t\t\t\t\t\t<img fetchpriority=\"high\" decoding=\"async\" width=\"1000\" height=\"1444\" src=\"https:\/\/captain-atlas.com\/wp-content\/uploads\/2021\/03\/captain-atlas-illustration-nantes-en-plantes-1-1000x1444.jpg.jpg\" class=\"attachment-full size-full wp-image-597\" alt=\"\" srcset=\"https:\/\/captain-atlas.com\/wp-content\/uploads\/2021\/03\/captain-atlas-illustration-nantes-en-plantes-1-1000x1444.jpg.jpg 1000w, https:\/\/captain-atlas.com\/wp-content\/uploads\/2021\/03\/captain-atlas-illustration-nantes-en-plantes-1-1000x1444.jpg-800x1155.jpg 800w, https:\/\/captain-atlas.com\/wp-content\/uploads\/2021\/03\/captain-atlas-illustration-nantes-en-plantes-1-1000x1444.jpg-208x300.jpg 208w, https:\/\/captain-atlas.com\/wp-content\/uploads\/2021\/03\/captain-atlas-illustration-nantes-en-plantes-1-1000x1444.jpg-709x1024.jpg 709w, https:\/\/captain-atlas.com\/wp-content\/uploads\/2021\/03\/captain-atlas-illustration-nantes-en-plantes-1-1000x1444.jpg-768x1109.jpg 768w, https:\/\/captain-atlas.com\/wp-content\/uploads\/2021\/03\/captain-atlas-illustration-nantes-en-plantes-1-1000x1444.jpg-8x12.jpg 8w, https:\/\/captain-atlas.com\/wp-content\/uploads\/2021\/03\/captain-atlas-illustration-nantes-en-plantes-1-1000x1444.jpg-100x144.jpg 100w, https:\/\/captain-atlas.com\/wp-content\/uploads\/2021\/03\/captain-atlas-illustration-nantes-en-plantes-1-1000x1444.jpg-150x217.jpg 150w, https:\/\/captain-atlas.com\/wp-content\/uploads\/2021\/03\/captain-atlas-illustration-nantes-en-plantes-1-1000x1444.jpg-200x289.jpg 200w, https:\/\/captain-atlas.com\/wp-content\/uploads\/2021\/03\/captain-atlas-illustration-nantes-en-plantes-1-1000x1444.jpg-300x433.jpg 300w, https:\/\/captain-atlas.com\/wp-content\/uploads\/2021\/03\/captain-atlas-illustration-nantes-en-plantes-1-1000x1444.jpg-450x650.jpg 450w, https:\/\/captain-atlas.com\/wp-content\/uploads\/2021\/03\/captain-atlas-illustration-nantes-en-plantes-1-1000x1444.jpg-600x866.jpg 600w, https:\/\/captain-atlas.com\/wp-content\/uploads\/2021\/03\/captain-atlas-illustration-nantes-en-plantes-1-1000x1444.jpg-900x1300.jpg 900w\" sizes=\"(max-width: 1000px) 100vw, 1000px\" \/>\t\t\t\t\t\t\t\t\t\t\t\t\t\t\t<\/div>\n\t\t\t\t<\/div>\n\t\t\t\t\t<\/div>\n\t\t<\/div>\n\t\t\t\t<div class=\"elementor-column elementor-col-25 elementor-top-column elementor-element elementor-element-2edb4a3b\" data-id=\"2edb4a3b\" data-element_type=\"column\" data-e-type=\"column\">\n\t\t\t<div class=\"elementor-widget-wrap elementor-element-populated\">\n\t\t\t\t\t\t<div class=\"elementor-element elementor-element-244bca24 elementor-widget elementor-widget-heading\" data-id=\"244bca24\" data-element_type=\"widget\" data-e-type=\"widget\" data-widget_type=\"heading.default\">\n\t\t\t\t<div class=\"elementor-widget-container\">\n\t\t\t\t\t<h1 class=\"elementor-heading-title elementor-size-default\">Jury Award winner<\/h1>\t\t\t\t<\/div>\n\t\t\t\t<\/div>\n\t\t\t\t<div class=\"elementor-element elementor-element-f03aada elementor-widget elementor-widget-heading\" data-id=\"f03aada\" data-element_type=\"widget\" data-e-type=\"widget\" data-widget_type=\"heading.default\">\n\t\t\t\t<div class=\"elementor-widget-container\">\n\t\t\t\t\t<div class=\"elementor-heading-title elementor-size-default\">---<\/div>\t\t\t\t<\/div>\n\t\t\t\t<\/div>\n\t\t\t\t<div class=\"elementor-element elementor-element-6bd9a91 elementor-widget elementor-widget-heading\" data-id=\"6bd9a91\" data-element_type=\"widget\" data-e-type=\"widget\" data-widget_type=\"heading.default\">\n\t\t\t\t<div class=\"elementor-widget-container\">\n\t\t\t\t\t<h2 class=\"elementor-heading-title elementor-size-default\">Mana poster project 2020<br>25-06-20<\/h2>\t\t\t\t<\/div>\n\t\t\t\t<\/div>\n\t\t\t\t<div class=\"elementor-element elementor-element-548311c elementor-widget elementor-widget-heading\" data-id=\"548311c\" data-element_type=\"widget\" data-e-type=\"widget\" data-widget_type=\"heading.default\">\n\t\t\t\t<div class=\"elementor-widget-container\">\n\t\t\t\t\t<div class=\"elementor-heading-title elementor-size-default\">---<\/div>\t\t\t\t<\/div>\n\t\t\t\t<\/div>\n\t\t\t\t<div class=\"elementor-element elementor-element-e1896bd elementor-widget elementor-widget-text-editor\" data-id=\"e1896bd\" data-element_type=\"widget\" data-e-type=\"widget\" data-widget_type=\"text-editor.default\">\n\t\t\t\t<div class=\"elementor-widget-container\">\n\t\t\t\t\t\t\t\t\t<p>The City of Nantes Poster Museum (MANA) organized an open illustration contest, with this simple guideline : \u201cNantes en plantes\u201d.<br \/><br \/>Captain Atlas intertwined the city\u2019s landmarks with an overgrown vegetation, blurring the lines between post-apocalyptic devastation and utopic poetry. Why couldn\u2019t they be the same after all?<br \/><br \/>This poster was named winner of the Jury Award, and is available in the shop.<\/p>\t\t\t\t\t\t\t\t<\/div>\n\t\t\t\t<\/div>\n\t\t\t\t<div class=\"elementor-element elementor-element-594cceae elementor-widget elementor-widget-text-editor\" data-id=\"594cceae\" data-element_type=\"widget\" data-e-type=\"widget\" data-widget_type=\"text-editor.default\">\n\t\t\t\t<div class=\"elementor-widget-container\">\n\t\t\t\t\t\t\t\t\t<p>&#8212;-<\/p>\t\t\t\t\t\t\t\t<\/div>\n\t\t\t\t<\/div>\n\t\t\t\t\t<\/div>\n\t\t<\/div>\n\t\t\t\t<div class=\"elementor-column elementor-col-25 elementor-top-column elementor-element elementor-element-5af2bad4\" data-id=\"5af2bad4\" data-element_type=\"column\" data-e-type=\"column\">\n\t\t\t<div class=\"elementor-widget-wrap elementor-element-populated\">\n\t\t\t\t\t\t<div class=\"elementor-element elementor-element-2da45bc elementor-align-right elementor-tablet-align-center elementor-mobile-align-center elementor-widget elementor-widget-button\" data-id=\"2da45bc\" data-element_type=\"widget\" data-e-type=\"widget\" data-widget_type=\"button.default\">\n\t\t\t\t<div class=\"elementor-widget-container\">\n\t\t\t\t\t\t\t\t\t<div class=\"elementor-button-wrapper\">\n\t\t\t\t\t<a class=\"elementor-button elementor-button-link elementor-size-md\" href=\"https:\/\/captain-atlas.com\/en\/shop\/\">\n\t\t\t\t\t\t<span class=\"elementor-button-content-wrapper\">\n\t\t\t\t\t\t\t\t\t<span class=\"elementor-button-text\">BUY NOW<\/span>\n\t\t\t\t\t<\/span>\n\t\t\t\t\t<\/a>\n\t\t\t\t<\/div>\n\t\t\t\t\t\t\t\t<\/div>\n\t\t\t\t<\/div>\n\t\t\t\t\t<\/div>\n\t\t<\/div>\n\t\t\t\t\t<\/div>\n\t\t<\/section>\n\t\t\t\t<section class=\"elementor-section elementor-top-section elementor-element elementor-element-c2869d3 elementor-section-full_width elementor-section-height-default elementor-section-height-default\" data-id=\"c2869d3\" data-element_type=\"section\" data-e-type=\"section\" data-settings=\"{&quot;background_background&quot;:&quot;classic&quot;,&quot;_ha_eqh_enable&quot;:false}\">\n\t\t\t\t\t\t<div class=\"elementor-container elementor-column-gap-default\">\n\t\t\t\t\t<div class=\"elementor-column elementor-col-33 elementor-top-column elementor-element elementor-element-70ce109 elementor-hidden-tablet elementor-hidden-phone\" data-id=\"70ce109\" data-element_type=\"column\" data-e-type=\"column\">\n\t\t\t<div class=\"elementor-widget-wrap\">\n\t\t\t\t\t\t\t<\/div>\n\t\t<\/div>\n\t\t\t\t<div class=\"elementor-column elementor-col-33 elementor-top-column elementor-element elementor-element-be2dfae\" data-id=\"be2dfae\" data-element_type=\"column\" data-e-type=\"column\" data-settings=\"{&quot;background_background&quot;:&quot;classic&quot;}\">\n\t\t\t<div class=\"elementor-widget-wrap elementor-element-populated\">\n\t\t\t\t\t\t<div class=\"elementor-element elementor-element-b527970 elementor-widget elementor-widget-gallery\" data-id=\"b527970\" data-element_type=\"widget\" data-e-type=\"widget\" data-settings=\"{&quot;gallery_layout&quot;:&quot;justified&quot;,&quot;ideal_row_height&quot;:{&quot;unit&quot;:&quot;px&quot;,&quot;size&quot;:425,&quot;sizes&quot;:[]},&quot;ideal_row_height_tablet&quot;:{&quot;unit&quot;:&quot;px&quot;,&quot;size&quot;:335,&quot;sizes&quot;:[]},&quot;gap&quot;:{&quot;unit&quot;:&quot;px&quot;,&quot;size&quot;:8,&quot;sizes&quot;:[]},&quot;gap_tablet&quot;:{&quot;unit&quot;:&quot;px&quot;,&quot;size&quot;:4,&quot;sizes&quot;:[]},&quot;gap_mobile&quot;:{&quot;unit&quot;:&quot;px&quot;,&quot;size&quot;:4,&quot;sizes&quot;:[]},&quot;_animation&quot;:&quot;none&quot;,&quot;ideal_row_height_mobile&quot;:{&quot;unit&quot;:&quot;px&quot;,&quot;size&quot;:130,&quot;sizes&quot;:[]},&quot;lazyload&quot;:&quot;yes&quot;,&quot;content_hover_animation&quot;:&quot;fade-in&quot;}\" data-widget_type=\"gallery.default\">\n\t\t\t\t<div class=\"elementor-widget-container\">\n\t\t\t\t\t\t\t<div class=\"elementor-gallery__container\">\n\t\t\t\t\t\t\t<div class=\"e-gallery-item elementor-gallery-item elementor-animated-content\">\n\t\t\t\t\t<div class=\"e-gallery-image elementor-gallery-item__image\" data-thumbnail=\"https:\/\/captain-atlas.com\/wp-content\/uploads\/2021\/02\/captain-atlas-illustration-nantes-en-plantes-2-300x600-1.jpg\" data-width=\"300\" data-height=\"600\" aria-label=\"Nantes en plantes\" role=\"img\" ><\/div>\n\t\t\t\t\t\t\t\t\t\t\t\t\t\t<\/div>\n\t\t\t\t\t\t\t<div class=\"e-gallery-item elementor-gallery-item elementor-animated-content\">\n\t\t\t\t\t<div class=\"e-gallery-image elementor-gallery-item__image\" data-thumbnail=\"https:\/\/captain-atlas.com\/wp-content\/uploads\/2021\/02\/captain-atlas-illustration-nantes-en-plantes-3-900x600.jpg.jpg\" data-width=\"900\" data-height=\"600\" aria-label=\"Nantes en plantes\" role=\"img\" ><\/div>\n\t\t\t\t\t\t\t\t\t\t\t\t\t\t<\/div>\n\t\t\t\t\t\t\t<div class=\"e-gallery-item elementor-gallery-item elementor-animated-content\">\n\t\t\t\t\t<div class=\"e-gallery-image elementor-gallery-item__image\" data-thumbnail=\"https:\/\/captain-atlas.com\/wp-content\/uploads\/2021\/02\/captain-atlas-illustration-nantes-en-plantes-5-600x600-1.jpg\" data-width=\"600\" data-height=\"600\" aria-label=\"\" role=\"img\" ><\/div>\n\t\t\t\t\t\t\t\t\t\t\t\t\t\t<\/div>\n\t\t\t\t\t\t\t<div class=\"e-gallery-item elementor-gallery-item elementor-animated-content\">\n\t\t\t\t\t<div class=\"e-gallery-image elementor-gallery-item__image\" data-thumbnail=\"https:\/\/captain-atlas.com\/wp-content\/uploads\/2021\/02\/captain-atlas-illustration-nantes-en-plantes-4-300x600-1.jpg\" data-width=\"300\" data-height=\"600\" aria-label=\"\" role=\"img\" ><\/div>\n\t\t\t\t\t\t\t\t\t\t\t\t\t\t<\/div>\n\t\t\t\t\t\t\t<div class=\"e-gallery-item elementor-gallery-item elementor-animated-content\">\n\t\t\t\t\t<div class=\"e-gallery-image elementor-gallery-item__image\" data-thumbnail=\"https:\/\/captain-atlas.com\/wp-content\/uploads\/2021\/02\/captain-atlas-illustration-nantes-en-plantes-6-300x600-1.jpg\" data-width=\"300\" data-height=\"600\" aria-label=\"Nantes en plantes\" role=\"img\" ><\/div>\n\t\t\t\t\t\t\t\t\t\t\t\t\t\t<\/div>\n\t\t\t\t\t<\/div>\n\t\t\t\t\t<\/div>\n\t\t\t\t<\/div>\n\t\t\t\t\t<\/div>\n\t\t<\/div>\n\t\t\t\t<div class=\"elementor-column elementor-col-33 elementor-top-column elementor-element elementor-element-5b99418 elementor-hidden-phone elementor-hidden-tablet\" data-id=\"5b99418\" data-element_type=\"column\" data-e-type=\"column\">\n\t\t\t<div class=\"elementor-widget-wrap\">\n\t\t\t\t\t\t\t<\/div>\n\t\t<\/div>\n\t\t\t\t\t<\/div>\n\t\t<\/section>\n\t\t\t\t<\/div>","protected":false},"excerpt":{"rendered":"<p>Laur\u00e9at du Prix du Jury &#8212; Mana poster project 202025-06-20 &#8212; Le Mus\u00e9e de l&#8217;Affiche de Nantes (MANA) a organis\u00e9 un concours d&#8217;affiches ouvert, avec comme th\u00e8me : &#8220;Nantes en plantes&#8221;. Captain Atlas a m\u00eal\u00e9 les symboles de la ville &hellip;<\/p>\n<p class=\"read-more\"> <a class=\"more-link\" href=\"https:\/\/captain-atlas.com\/en\/news\/nantes-en-plantes-award-winner\/\"> <span class=\"screen-reader-text\">Nantes en plantes award winner<\/span> Read More &raquo;<\/a><\/p>","protected":false},"author":1,"featured_media":0,"parent":5112,"menu_order":8,"comment_status":"closed","ping_status":"closed","template":"","meta":{"footnotes":""},"class_list":["post-5138","page","type-page","status-publish","hentry"],"yoast_head":"<!-- This site is optimized with the Yoast SEO plugin v27.4 - https:\/\/yoast.com\/product\/yoast-seo-wordpress\/ -->\n<title>Nantes en plantes award winner - Captain Atlas<\/title>\n<meta name=\"robots\" content=\"index, follow, max-snippet:-1, max-image-preview:large, max-video-preview:-1\" \/>\n<link rel=\"canonical\" href=\"https:\/\/captain-atlas.com\/en\/news\/nantes-en-plantes-award-winner\/\" \/>\n<meta property=\"og:locale\" content=\"en_GB\" \/>\n<meta property=\"og:type\" content=\"article\" \/>\n<meta property=\"og:title\" content=\"Nantes en plantes award winner - Captain Atlas\" \/>\n<meta property=\"og:description\" content=\"Laur\u00e9at du Prix du Jury &#8212; Mana poster project 202025-06-20 &#8212; Le Mus\u00e9e de l&#8217;Affiche de Nantes (MANA) a organis\u00e9 un concours d&#8217;affiches ouvert, avec comme th\u00e8me : &#8220;Nantes en plantes&#8221;. Captain Atlas a m\u00eal\u00e9 les symboles de la ville &hellip; Nantes en plantes award winner Read More &raquo;\" \/>\n<meta property=\"og:url\" content=\"https:\/\/captain-atlas.com\/en\/news\/nantes-en-plantes-award-winner\/\" \/>\n<meta property=\"og:site_name\" content=\"Captain Atlas\" \/>\n<meta property=\"article:modified_time\" content=\"2021-04-19T19:33:35+00:00\" \/>\n<meta property=\"og:image\" content=\"https:\/\/captain-atlas.com\/wp-content\/uploads\/2021\/03\/captain-atlas-illustration-nantes-en-plantes-1-1000x1444.jpg.jpg\" \/>\n<meta name=\"twitter:label1\" content=\"Estimated reading time\" \/>\n\t<meta name=\"twitter:data1\" content=\"1 minute\" \/>\n<script type=\"application\/ld+json\" class=\"yoast-schema-graph\">{\"@context\":\"https:\\\/\\\/schema.org\",\"@graph\":[{\"@type\":\"WebPage\",\"@id\":\"https:\\\/\\\/captain-atlas.com\\\/en\\\/news\\\/nantes-en-plantes-award-winner\\\/\",\"url\":\"https:\\\/\\\/captain-atlas.com\\\/en\\\/news\\\/nantes-en-plantes-award-winner\\\/\",\"name\":\"Nantes en plantes award winner - Captain Atlas\",\"isPartOf\":{\"@id\":\"https:\\\/\\\/captain-atlas.com\\\/#website\"},\"primaryImageOfPage\":{\"@id\":\"https:\\\/\\\/captain-atlas.com\\\/en\\\/news\\\/nantes-en-plantes-award-winner\\\/#primaryimage\"},\"image\":{\"@id\":\"https:\\\/\\\/captain-atlas.com\\\/en\\\/news\\\/nantes-en-plantes-award-winner\\\/#primaryimage\"},\"thumbnailUrl\":\"https:\\\/\\\/captain-atlas.com\\\/wp-content\\\/uploads\\\/2021\\\/03\\\/captain-atlas-illustration-nantes-en-plantes-1-1000x1444.jpg.jpg\",\"datePublished\":\"2021-03-15T18:10:54+00:00\",\"dateModified\":\"2021-04-19T19:33:35+00:00\",\"breadcrumb\":{\"@id\":\"https:\\\/\\\/captain-atlas.com\\\/en\\\/news\\\/nantes-en-plantes-award-winner\\\/#breadcrumb\"},\"inLanguage\":\"en-GB\",\"potentialAction\":[{\"@type\":\"ReadAction\",\"target\":[\"https:\\\/\\\/captain-atlas.com\\\/en\\\/news\\\/nantes-en-plantes-award-winner\\\/\"]}]},{\"@type\":\"ImageObject\",\"inLanguage\":\"en-GB\",\"@id\":\"https:\\\/\\\/captain-atlas.com\\\/en\\\/news\\\/nantes-en-plantes-award-winner\\\/#primaryimage\",\"url\":\"https:\\\/\\\/captain-atlas.com\\\/wp-content\\\/uploads\\\/2021\\\/03\\\/captain-atlas-illustration-nantes-en-plantes-1-1000x1444.jpg.jpg\",\"contentUrl\":\"https:\\\/\\\/captain-atlas.com\\\/wp-content\\\/uploads\\\/2021\\\/03\\\/captain-atlas-illustration-nantes-en-plantes-1-1000x1444.jpg.jpg\"},{\"@type\":\"BreadcrumbList\",\"@id\":\"https:\\\/\\\/captain-atlas.com\\\/en\\\/news\\\/nantes-en-plantes-award-winner\\\/#breadcrumb\",\"itemListElement\":[{\"@type\":\"ListItem\",\"position\":1,\"name\":\"News\",\"item\":\"https:\\\/\\\/captain-atlas.com\\\/news\\\/\"},{\"@type\":\"ListItem\",\"position\":2,\"name\":\"Nantes en plantes award winner\"}]},{\"@type\":\"WebSite\",\"@id\":\"https:\\\/\\\/captain-atlas.com\\\/#website\",\"url\":\"https:\\\/\\\/captain-atlas.com\\\/\",\"name\":\"Captain Atlas\",\"description\":\"Illustration\",\"publisher\":{\"@id\":\"https:\\\/\\\/captain-atlas.com\\\/#organization\"},\"potentialAction\":[{\"@type\":\"SearchAction\",\"target\":{\"@type\":\"EntryPoint\",\"urlTemplate\":\"https:\\\/\\\/captain-atlas.com\\\/?s={search_term_string}\"},\"query-input\":{\"@type\":\"PropertyValueSpecification\",\"valueRequired\":true,\"valueName\":\"search_term_string\"}}],\"inLanguage\":\"en-GB\"},{\"@type\":\"Organization\",\"@id\":\"https:\\\/\\\/captain-atlas.com\\\/#organization\",\"name\":\"Captain Atlas\",\"url\":\"https:\\\/\\\/captain-atlas.com\\\/\",\"logo\":{\"@type\":\"ImageObject\",\"inLanguage\":\"en-GB\",\"@id\":\"https:\\\/\\\/captain-atlas.com\\\/#\\\/schema\\\/logo\\\/image\\\/\",\"url\":\"https:\\\/\\\/captain-atlas.com\\\/wp-content\\\/uploads\\\/2021\\\/02\\\/Logo-Captain-Atlas.png\",\"contentUrl\":\"https:\\\/\\\/captain-atlas.com\\\/wp-content\\\/uploads\\\/2021\\\/02\\\/Logo-Captain-Atlas.png\",\"width\":1000,\"height\":215,\"caption\":\"Captain Atlas\"},\"image\":{\"@id\":\"https:\\\/\\\/captain-atlas.com\\\/#\\\/schema\\\/logo\\\/image\\\/\"}}]}<\/script>\n<!-- \/ Yoast SEO plugin. -->","yoast_head_json":{"title":"Nantes en plantes award winner - Captain Atlas","robots":{"index":"index","follow":"follow","max-snippet":"max-snippet:-1","max-image-preview":"max-image-preview:large","max-video-preview":"max-video-preview:-1"},"canonical":"https:\/\/captain-atlas.com\/en\/news\/nantes-en-plantes-award-winner\/","og_locale":"en_GB","og_type":"article","og_title":"Nantes en plantes award winner - Captain Atlas","og_description":"Laur\u00e9at du Prix du Jury &#8212; Mana poster project 202025-06-20 &#8212; Le Mus\u00e9e de l&#8217;Affiche de Nantes (MANA) a organis\u00e9 un concours d&#8217;affiches ouvert, avec comme th\u00e8me : &#8220;Nantes en plantes&#8221;. Captain Atlas a m\u00eal\u00e9 les symboles de la ville &hellip; Nantes en plantes award winner Read More &raquo;","og_url":"https:\/\/captain-atlas.com\/en\/news\/nantes-en-plantes-award-winner\/","og_site_name":"Captain Atlas","article_modified_time":"2021-04-19T19:33:35+00:00","og_image":[{"url":"https:\/\/captain-atlas.com\/wp-content\/uploads\/2021\/03\/captain-atlas-illustration-nantes-en-plantes-1-1000x1444.jpg.jpg","type":"","width":"","height":""}],"twitter_misc":{"Estimated reading time":"1 minute"},"schema":{"@context":"https:\/\/schema.org","@graph":[{"@type":"WebPage","@id":"https:\/\/captain-atlas.com\/en\/news\/nantes-en-plantes-award-winner\/","url":"https:\/\/captain-atlas.com\/en\/news\/nantes-en-plantes-award-winner\/","name":"Nantes en plantes award winner - Captain Atlas","isPartOf":{"@id":"https:\/\/captain-atlas.com\/#website"},"primaryImageOfPage":{"@id":"https:\/\/captain-atlas.com\/en\/news\/nantes-en-plantes-award-winner\/#primaryimage"},"image":{"@id":"https:\/\/captain-atlas.com\/en\/news\/nantes-en-plantes-award-winner\/#primaryimage"},"thumbnailUrl":"https:\/\/captain-atlas.com\/wp-content\/uploads\/2021\/03\/captain-atlas-illustration-nantes-en-plantes-1-1000x1444.jpg.jpg","datePublished":"2021-03-15T18:10:54+00:00","dateModified":"2021-04-19T19:33:35+00:00","breadcrumb":{"@id":"https:\/\/captain-atlas.com\/en\/news\/nantes-en-plantes-award-winner\/#breadcrumb"},"inLanguage":"en-GB","potentialAction":[{"@type":"ReadAction","target":["https:\/\/captain-atlas.com\/en\/news\/nantes-en-plantes-award-winner\/"]}]},{"@type":"ImageObject","inLanguage":"en-GB","@id":"https:\/\/captain-atlas.com\/en\/news\/nantes-en-plantes-award-winner\/#primaryimage","url":"https:\/\/captain-atlas.com\/wp-content\/uploads\/2021\/03\/captain-atlas-illustration-nantes-en-plantes-1-1000x1444.jpg.jpg","contentUrl":"https:\/\/captain-atlas.com\/wp-content\/uploads\/2021\/03\/captain-atlas-illustration-nantes-en-plantes-1-1000x1444.jpg.jpg"},{"@type":"BreadcrumbList","@id":"https:\/\/captain-atlas.com\/en\/news\/nantes-en-plantes-award-winner\/#breadcrumb","itemListElement":[{"@type":"ListItem","position":1,"name":"News","item":"https:\/\/captain-atlas.com\/news\/"},{"@type":"ListItem","position":2,"name":"Nantes en plantes award winner"}]},{"@type":"WebSite","@id":"https:\/\/captain-atlas.com\/#website","url":"https:\/\/captain-atlas.com\/","name":"Captain Atlas","description":"Illustration","publisher":{"@id":"https:\/\/captain-atlas.com\/#organization"},"potentialAction":[{"@type":"SearchAction","target":{"@type":"EntryPoint","urlTemplate":"https:\/\/captain-atlas.com\/?s={search_term_string}"},"query-input":{"@type":"PropertyValueSpecification","valueRequired":true,"valueName":"search_term_string"}}],"inLanguage":"en-GB"},{"@type":"Organization","@id":"https:\/\/captain-atlas.com\/#organization","name":"Captain Atlas","url":"https:\/\/captain-atlas.com\/","logo":{"@type":"ImageObject","inLanguage":"en-GB","@id":"https:\/\/captain-atlas.com\/#\/schema\/logo\/image\/","url":"https:\/\/captain-atlas.com\/wp-content\/uploads\/2021\/02\/Logo-Captain-Atlas.png","contentUrl":"https:\/\/captain-atlas.com\/wp-content\/uploads\/2021\/02\/Logo-Captain-Atlas.png","width":1000,"height":215,"caption":"Captain Atlas"},"image":{"@id":"https:\/\/captain-atlas.com\/#\/schema\/logo\/image\/"}}]}},"_links":{"self":[{"href":"https:\/\/captain-atlas.com\/en\/wp-json\/wp\/v2\/pages\/5138","targetHints":{"allow":["GET"]}}],"collection":[{"href":"https:\/\/captain-atlas.com\/en\/wp-json\/wp\/v2\/pages"}],"about":[{"href":"https:\/\/captain-atlas.com\/en\/wp-json\/wp\/v2\/types\/page"}],"author":[{"embeddable":true,"href":"https:\/\/captain-atlas.com\/en\/wp-json\/wp\/v2\/users\/1"}],"replies":[{"embeddable":true,"href":"https:\/\/captain-atlas.com\/en\/wp-json\/wp\/v2\/comments?post=5138"}],"version-history":[{"count":0,"href":"https:\/\/captain-atlas.com\/en\/wp-json\/wp\/v2\/pages\/5138\/revisions"}],"up":[{"embeddable":true,"href":"https:\/\/captain-atlas.com\/en\/wp-json\/wp\/v2\/pages\/5112"}],"wp:attachment":[{"href":"https:\/\/captain-atlas.com\/en\/wp-json\/wp\/v2\/media?parent=5138"}],"curies":[{"name":"wp","href":"https:\/\/api.w.org\/{rel}","templated":true}]}}