{"id":5306,"date":"2021-03-16T20:43:17","date_gmt":"2021-03-16T19:43:17","guid":{"rendered":"https:\/\/captain-atlas.com\/?page_id=5306"},"modified":"2021-04-19T20:48:29","modified_gmt":"2021-04-19T19:48:29","slug":"captain-atlas-featured-in-gio","status":"publish","type":"page","link":"https:\/\/captain-atlas.com\/en\/news\/captain-atlas-featured-in-gio\/","title":{"rendered":"Captain Atlas featured in GIO"},"content":{"rendered":"<div data-elementor-type=\"wp-page\" data-elementor-id=\"5306\" class=\"elementor elementor-5306\" data-elementor-settings=\"{&quot;ha_cmc_init_switcher&quot;:&quot;no&quot;}\" data-elementor-post-type=\"page\">\n\t\t\t\t\t\t<section class=\"elementor-section elementor-top-section elementor-element elementor-element-27358d59 elementor-section-full_width elementor-section-height-default elementor-section-height-default\" data-id=\"27358d59\" data-element_type=\"section\" data-e-type=\"section\" data-settings=\"{&quot;background_background&quot;:&quot;classic&quot;,&quot;_ha_eqh_enable&quot;:false}\">\n\t\t\t\t\t\t<div class=\"elementor-container elementor-column-gap-default\">\n\t\t\t\t\t<div class=\"elementor-column elementor-col-25 elementor-top-column elementor-element elementor-element-2761beb8 elementor-hidden-phone elementor-hidden-tablet\" data-id=\"2761beb8\" data-element_type=\"column\" data-e-type=\"column\">\n\t\t\t<div class=\"elementor-widget-wrap\">\n\t\t\t\t\t\t\t<\/div>\n\t\t<\/div>\n\t\t\t\t<div class=\"elementor-column elementor-col-25 elementor-top-column elementor-element elementor-element-7e40a9bf\" data-id=\"7e40a9bf\" data-element_type=\"column\" data-e-type=\"column\">\n\t\t\t<div class=\"elementor-widget-wrap elementor-element-populated\">\n\t\t\t\t\t\t<div class=\"elementor-element elementor-element-725b7b03 elementor-widget elementor-widget-image\" data-id=\"725b7b03\" data-element_type=\"widget\" data-e-type=\"widget\" data-widget_type=\"image.default\">\n\t\t\t\t<div class=\"elementor-widget-container\">\n\t\t\t\t\t\t\t\t\t\t\t\t\t\t\t<img fetchpriority=\"high\" decoding=\"async\" width=\"600\" height=\"600\" src=\"https:\/\/captain-atlas.com\/wp-content\/uploads\/2021\/03\/captain-atlas-illustration-parution-GIO-4-600x600-1.jpg\" class=\"attachment-full size-full wp-image-5326\" alt=\"\" srcset=\"https:\/\/captain-atlas.com\/wp-content\/uploads\/2021\/03\/captain-atlas-illustration-parution-GIO-4-600x600-1.jpg 600w, https:\/\/captain-atlas.com\/wp-content\/uploads\/2021\/03\/captain-atlas-illustration-parution-GIO-4-600x600-1-300x300.jpg 300w, https:\/\/captain-atlas.com\/wp-content\/uploads\/2021\/03\/captain-atlas-illustration-parution-GIO-4-600x600-1-150x150.jpg 150w, https:\/\/captain-atlas.com\/wp-content\/uploads\/2021\/03\/captain-atlas-illustration-parution-GIO-4-600x600-1-12x12.jpg 12w, https:\/\/captain-atlas.com\/wp-content\/uploads\/2021\/03\/captain-atlas-illustration-parution-GIO-4-600x600-1-100x100.jpg 100w, https:\/\/captain-atlas.com\/wp-content\/uploads\/2021\/03\/captain-atlas-illustration-parution-GIO-4-600x600-1-200x200.jpg 200w, https:\/\/captain-atlas.com\/wp-content\/uploads\/2021\/03\/captain-atlas-illustration-parution-GIO-4-600x600-1-450x450.jpg 450w\" sizes=\"(max-width: 600px) 100vw, 600px\" \/>\t\t\t\t\t\t\t\t\t\t\t\t\t\t\t<\/div>\n\t\t\t\t<\/div>\n\t\t\t\t<div class=\"elementor-element elementor-element-e597e9a elementor-widget elementor-widget-image\" data-id=\"e597e9a\" data-element_type=\"widget\" data-e-type=\"widget\" data-widget_type=\"image.default\">\n\t\t\t\t<div class=\"elementor-widget-container\">\n\t\t\t\t\t\t\t\t\t\t\t\t\t\t\t<img decoding=\"async\" width=\"600\" height=\"600\" src=\"https:\/\/captain-atlas.com\/wp-content\/uploads\/2021\/03\/captain-atlas-illustration-parution-GIO-2-600x600-1.jpg\" class=\"attachment-full size-full wp-image-5324\" alt=\"\" srcset=\"https:\/\/captain-atlas.com\/wp-content\/uploads\/2021\/03\/captain-atlas-illustration-parution-GIO-2-600x600-1.jpg 600w, https:\/\/captain-atlas.com\/wp-content\/uploads\/2021\/03\/captain-atlas-illustration-parution-GIO-2-600x600-1-300x300.jpg 300w, https:\/\/captain-atlas.com\/wp-content\/uploads\/2021\/03\/captain-atlas-illustration-parution-GIO-2-600x600-1-150x150.jpg 150w, https:\/\/captain-atlas.com\/wp-content\/uploads\/2021\/03\/captain-atlas-illustration-parution-GIO-2-600x600-1-12x12.jpg 12w, https:\/\/captain-atlas.com\/wp-content\/uploads\/2021\/03\/captain-atlas-illustration-parution-GIO-2-600x600-1-100x100.jpg 100w, https:\/\/captain-atlas.com\/wp-content\/uploads\/2021\/03\/captain-atlas-illustration-parution-GIO-2-600x600-1-200x200.jpg 200w, https:\/\/captain-atlas.com\/wp-content\/uploads\/2021\/03\/captain-atlas-illustration-parution-GIO-2-600x600-1-450x450.jpg 450w\" sizes=\"(max-width: 600px) 100vw, 600px\" \/>\t\t\t\t\t\t\t\t\t\t\t\t\t\t\t<\/div>\n\t\t\t\t<\/div>\n\t\t\t\t\t<\/div>\n\t\t<\/div>\n\t\t\t\t<div class=\"elementor-column elementor-col-25 elementor-top-column elementor-element elementor-element-2edb4a3b\" data-id=\"2edb4a3b\" data-element_type=\"column\" data-e-type=\"column\">\n\t\t\t<div class=\"elementor-widget-wrap elementor-element-populated\">\n\t\t\t\t\t\t<div class=\"elementor-element elementor-element-244bca24 elementor-widget elementor-widget-heading\" data-id=\"244bca24\" data-element_type=\"widget\" data-e-type=\"widget\" data-widget_type=\"heading.default\">\n\t\t\t\t<div class=\"elementor-widget-container\">\n\t\t\t\t\t<h1 class=\"elementor-heading-title elementor-size-default\">Featured in GIO<\/h1>\t\t\t\t<\/div>\n\t\t\t\t<\/div>\n\t\t\t\t<div class=\"elementor-element elementor-element-f03aada elementor-widget elementor-widget-heading\" data-id=\"f03aada\" data-element_type=\"widget\" data-e-type=\"widget\" data-widget_type=\"heading.default\">\n\t\t\t\t<div class=\"elementor-widget-container\">\n\t\t\t\t\t<div class=\"elementor-heading-title elementor-size-default\">---<\/div>\t\t\t\t<\/div>\n\t\t\t\t<\/div>\n\t\t\t\t<div class=\"elementor-element elementor-element-6bd9a91 elementor-widget elementor-widget-heading\" data-id=\"6bd9a91\" data-element_type=\"widget\" data-e-type=\"widget\" data-widget_type=\"heading.default\">\n\t\t\t\t<div class=\"elementor-widget-container\">\n\t\t\t\t\t<h2 class=\"elementor-heading-title elementor-size-default\">GIO - Id\u00eele<br>04-11-20<\/h2>\t\t\t\t<\/div>\n\t\t\t\t<\/div>\n\t\t\t\t<div class=\"elementor-element elementor-element-548311c elementor-widget elementor-widget-heading\" data-id=\"548311c\" data-element_type=\"widget\" data-e-type=\"widget\" data-widget_type=\"heading.default\">\n\t\t\t\t<div class=\"elementor-widget-container\">\n\t\t\t\t\t<div class=\"elementor-heading-title elementor-size-default\">---<\/div>\t\t\t\t<\/div>\n\t\t\t\t<\/div>\n\t\t\t\t<div class=\"elementor-element elementor-element-e1896bd elementor-widget elementor-widget-text-editor\" data-id=\"e1896bd\" data-element_type=\"widget\" data-e-type=\"widget\" data-widget_type=\"text-editor.default\">\n\t\t\t\t<div class=\"elementor-widget-container\">\n\t\t\t\t\t\t\t\t\t<div class=\"\" dir=\"auto\">\n<div id=\"jsc_c_519\" class=\"ecm0bbzt hv4rvrfc ihqw7lf3 dati1w0a\" data-ad-comet-preview=\"message\" data-ad-preview=\"message\">\n<div class=\"j83agx80 cbu4d94t ew0dbk1b irj2b8pg\">\n<div class=\"qzhwtbm6 knvmm38d\">\n<div class=\"kvgmc6g5 cxmmr5t8 oygrvhab hcukyx3x c1et5uql ii04i59q\">\n<div dir=\"auto\" style=\"text-align: start;\">\n<p>Captain Atlas is featured in the latest western graphic designers and illustrators guide (GIO), issued by id\u00eele.<br><br>We welcome this initiative coming from the city of Nantes, aiming to promote local creatives and  enable regional collaboration.<br><br><a href=\"https:\/\/bit.ly\/3kWdDi8\">A digital issue is available for free.<\/a><\/p>\n<\/div>\n<\/div>\n<\/div>\n<\/div>\n<\/div>\n<\/div>\t\t\t\t\t\t\t\t<\/div>\n\t\t\t\t<\/div>\n\t\t\t\t<div class=\"elementor-element elementor-element-594cceae elementor-widget elementor-widget-text-editor\" data-id=\"594cceae\" data-element_type=\"widget\" data-e-type=\"widget\" data-widget_type=\"text-editor.default\">\n\t\t\t\t<div class=\"elementor-widget-container\">\n\t\t\t\t\t\t\t\t\t<p>&#8212;-<\/p>\t\t\t\t\t\t\t\t<\/div>\n\t\t\t\t<\/div>\n\t\t\t\t\t<\/div>\n\t\t<\/div>\n\t\t\t\t<div class=\"elementor-column elementor-col-25 elementor-top-column elementor-element elementor-element-5af2bad4\" data-id=\"5af2bad4\" data-element_type=\"column\" data-e-type=\"column\">\n\t\t\t<div class=\"elementor-widget-wrap\">\n\t\t\t\t\t\t\t<\/div>\n\t\t<\/div>\n\t\t\t\t\t<\/div>\n\t\t<\/section>\n\t\t\t\t<\/div>","protected":false},"excerpt":{"rendered":"<p>Publication dans le GIO &#8212; GIO &#8211; Id\u00eele04-11-20 &#8212; Captain Atlas int\u00e8gre le guide des graphistes et illustrateurs de l\u2019Ouest (GIO), propuls\u00e9 par id\u00eele . On salue cette initiative nantaise visant \u00e0 valoriser les cr\u00e9atifs locaux, et \u00e0 favoriser les &hellip;<\/p>\n<p class=\"read-more\"> <a class=\"more-link\" href=\"https:\/\/captain-atlas.com\/en\/news\/captain-atlas-featured-in-gio\/\"> <span class=\"screen-reader-text\">Captain Atlas featured in GIO<\/span> Read More &raquo;<\/a><\/p>","protected":false},"author":1,"featured_media":0,"parent":5112,"menu_order":8,"comment_status":"closed","ping_status":"closed","template":"","meta":{"footnotes":""},"class_list":["post-5306","page","type-page","status-publish","hentry"],"yoast_head":"<!-- This site is optimized with the Yoast SEO plugin v27.3 - https:\/\/yoast.com\/product\/yoast-seo-wordpress\/ -->\n<title>Captain Atlas featured in GIO - Captain Atlas<\/title>\n<meta name=\"robots\" content=\"index, follow, max-snippet:-1, max-image-preview:large, max-video-preview:-1\" \/>\n<link rel=\"canonical\" href=\"https:\/\/captain-atlas.com\/en\/news\/captain-atlas-featured-in-gio\/\" \/>\n<meta property=\"og:locale\" content=\"en_GB\" \/>\n<meta property=\"og:type\" content=\"article\" \/>\n<meta property=\"og:title\" content=\"Captain Atlas featured in GIO - Captain Atlas\" \/>\n<meta property=\"og:description\" content=\"Publication dans le GIO &#8212; GIO &#8211; Id\u00eele04-11-20 &#8212; Captain Atlas int\u00e8gre le guide des graphistes et illustrateurs de l\u2019Ouest (GIO), propuls\u00e9 par id\u00eele . On salue cette initiative nantaise visant \u00e0 valoriser les cr\u00e9atifs locaux, et \u00e0 favoriser les &hellip; Captain Atlas featured in GIO Read More &raquo;\" \/>\n<meta property=\"og:url\" content=\"https:\/\/captain-atlas.com\/en\/news\/captain-atlas-featured-in-gio\/\" \/>\n<meta property=\"og:site_name\" content=\"Captain Atlas\" \/>\n<meta property=\"article:modified_time\" content=\"2021-04-19T19:48:29+00:00\" \/>\n<meta property=\"og:image\" content=\"https:\/\/captain-atlas.com\/wp-content\/uploads\/2021\/03\/captain-atlas-illustration-parution-GIO-4-600x600-1.jpg\" \/>\n<meta name=\"twitter:label1\" content=\"Estimated reading time\" \/>\n\t<meta name=\"twitter:data1\" content=\"1 minute\" \/>\n<script type=\"application\/ld+json\" class=\"yoast-schema-graph\">{\"@context\":\"https:\\\/\\\/schema.org\",\"@graph\":[{\"@type\":\"WebPage\",\"@id\":\"https:\\\/\\\/captain-atlas.com\\\/news\\\/captain-atlas-featured-in-gio\\\/\",\"url\":\"https:\\\/\\\/captain-atlas.com\\\/news\\\/captain-atlas-featured-in-gio\\\/\",\"name\":\"Captain Atlas featured in GIO - Captain Atlas\",\"isPartOf\":{\"@id\":\"https:\\\/\\\/captain-atlas.com\\\/#website\"},\"primaryImageOfPage\":{\"@id\":\"https:\\\/\\\/captain-atlas.com\\\/news\\\/captain-atlas-featured-in-gio\\\/#primaryimage\"},\"image\":{\"@id\":\"https:\\\/\\\/captain-atlas.com\\\/news\\\/captain-atlas-featured-in-gio\\\/#primaryimage\"},\"thumbnailUrl\":\"https:\\\/\\\/captain-atlas.com\\\/wp-content\\\/uploads\\\/2021\\\/03\\\/captain-atlas-illustration-parution-GIO-4-600x600-1.jpg\",\"datePublished\":\"2021-03-16T19:43:17+00:00\",\"dateModified\":\"2021-04-19T19:48:29+00:00\",\"breadcrumb\":{\"@id\":\"https:\\\/\\\/captain-atlas.com\\\/news\\\/captain-atlas-featured-in-gio\\\/#breadcrumb\"},\"inLanguage\":\"en-GB\",\"potentialAction\":[{\"@type\":\"ReadAction\",\"target\":[\"https:\\\/\\\/captain-atlas.com\\\/news\\\/captain-atlas-featured-in-gio\\\/\"]}]},{\"@type\":\"ImageObject\",\"inLanguage\":\"en-GB\",\"@id\":\"https:\\\/\\\/captain-atlas.com\\\/news\\\/captain-atlas-featured-in-gio\\\/#primaryimage\",\"url\":\"https:\\\/\\\/captain-atlas.com\\\/wp-content\\\/uploads\\\/2021\\\/03\\\/captain-atlas-illustration-parution-GIO-4-600x600-1.jpg\",\"contentUrl\":\"https:\\\/\\\/captain-atlas.com\\\/wp-content\\\/uploads\\\/2021\\\/03\\\/captain-atlas-illustration-parution-GIO-4-600x600-1.jpg\"},{\"@type\":\"BreadcrumbList\",\"@id\":\"https:\\\/\\\/captain-atlas.com\\\/news\\\/captain-atlas-featured-in-gio\\\/#breadcrumb\",\"itemListElement\":[{\"@type\":\"ListItem\",\"position\":1,\"name\":\"News\",\"item\":\"https:\\\/\\\/captain-atlas.com\\\/news\\\/\"},{\"@type\":\"ListItem\",\"position\":2,\"name\":\"Captain Atlas featured in GIO\"}]},{\"@type\":\"WebSite\",\"@id\":\"https:\\\/\\\/captain-atlas.com\\\/#website\",\"url\":\"https:\\\/\\\/captain-atlas.com\\\/\",\"name\":\"Captain Atlas\",\"description\":\"Illustration\",\"publisher\":{\"@id\":\"https:\\\/\\\/captain-atlas.com\\\/#organization\"},\"potentialAction\":[{\"@type\":\"SearchAction\",\"target\":{\"@type\":\"EntryPoint\",\"urlTemplate\":\"https:\\\/\\\/captain-atlas.com\\\/?s={search_term_string}\"},\"query-input\":{\"@type\":\"PropertyValueSpecification\",\"valueRequired\":true,\"valueName\":\"search_term_string\"}}],\"inLanguage\":\"en-GB\"},{\"@type\":\"Organization\",\"@id\":\"https:\\\/\\\/captain-atlas.com\\\/#organization\",\"name\":\"Captain Atlas\",\"url\":\"https:\\\/\\\/captain-atlas.com\\\/\",\"logo\":{\"@type\":\"ImageObject\",\"inLanguage\":\"en-GB\",\"@id\":\"https:\\\/\\\/captain-atlas.com\\\/#\\\/schema\\\/logo\\\/image\\\/\",\"url\":\"https:\\\/\\\/captain-atlas.com\\\/wp-content\\\/uploads\\\/2021\\\/02\\\/Logo-Captain-Atlas.png\",\"contentUrl\":\"https:\\\/\\\/captain-atlas.com\\\/wp-content\\\/uploads\\\/2021\\\/02\\\/Logo-Captain-Atlas.png\",\"width\":1000,\"height\":215,\"caption\":\"Captain Atlas\"},\"image\":{\"@id\":\"https:\\\/\\\/captain-atlas.com\\\/#\\\/schema\\\/logo\\\/image\\\/\"}}]}<\/script>\n<!-- \/ Yoast SEO plugin. -->","yoast_head_json":{"title":"Captain Atlas featured in GIO - Captain Atlas","robots":{"index":"index","follow":"follow","max-snippet":"max-snippet:-1","max-image-preview":"max-image-preview:large","max-video-preview":"max-video-preview:-1"},"canonical":"https:\/\/captain-atlas.com\/en\/news\/captain-atlas-featured-in-gio\/","og_locale":"en_GB","og_type":"article","og_title":"Captain Atlas featured in GIO - Captain Atlas","og_description":"Publication dans le GIO &#8212; GIO &#8211; Id\u00eele04-11-20 &#8212; Captain Atlas int\u00e8gre le guide des graphistes et illustrateurs de l\u2019Ouest (GIO), propuls\u00e9 par id\u00eele . On salue cette initiative nantaise visant \u00e0 valoriser les cr\u00e9atifs locaux, et \u00e0 favoriser les &hellip; Captain Atlas featured in GIO Read More &raquo;","og_url":"https:\/\/captain-atlas.com\/en\/news\/captain-atlas-featured-in-gio\/","og_site_name":"Captain Atlas","article_modified_time":"2021-04-19T19:48:29+00:00","og_image":[{"url":"https:\/\/captain-atlas.com\/wp-content\/uploads\/2021\/03\/captain-atlas-illustration-parution-GIO-4-600x600-1.jpg","type":"","width":"","height":""}],"twitter_misc":{"Estimated reading time":"1 minute"},"schema":{"@context":"https:\/\/schema.org","@graph":[{"@type":"WebPage","@id":"https:\/\/captain-atlas.com\/news\/captain-atlas-featured-in-gio\/","url":"https:\/\/captain-atlas.com\/news\/captain-atlas-featured-in-gio\/","name":"Captain Atlas featured in GIO - Captain Atlas","isPartOf":{"@id":"https:\/\/captain-atlas.com\/#website"},"primaryImageOfPage":{"@id":"https:\/\/captain-atlas.com\/news\/captain-atlas-featured-in-gio\/#primaryimage"},"image":{"@id":"https:\/\/captain-atlas.com\/news\/captain-atlas-featured-in-gio\/#primaryimage"},"thumbnailUrl":"https:\/\/captain-atlas.com\/wp-content\/uploads\/2021\/03\/captain-atlas-illustration-parution-GIO-4-600x600-1.jpg","datePublished":"2021-03-16T19:43:17+00:00","dateModified":"2021-04-19T19:48:29+00:00","breadcrumb":{"@id":"https:\/\/captain-atlas.com\/news\/captain-atlas-featured-in-gio\/#breadcrumb"},"inLanguage":"en-GB","potentialAction":[{"@type":"ReadAction","target":["https:\/\/captain-atlas.com\/news\/captain-atlas-featured-in-gio\/"]}]},{"@type":"ImageObject","inLanguage":"en-GB","@id":"https:\/\/captain-atlas.com\/news\/captain-atlas-featured-in-gio\/#primaryimage","url":"https:\/\/captain-atlas.com\/wp-content\/uploads\/2021\/03\/captain-atlas-illustration-parution-GIO-4-600x600-1.jpg","contentUrl":"https:\/\/captain-atlas.com\/wp-content\/uploads\/2021\/03\/captain-atlas-illustration-parution-GIO-4-600x600-1.jpg"},{"@type":"BreadcrumbList","@id":"https:\/\/captain-atlas.com\/news\/captain-atlas-featured-in-gio\/#breadcrumb","itemListElement":[{"@type":"ListItem","position":1,"name":"News","item":"https:\/\/captain-atlas.com\/news\/"},{"@type":"ListItem","position":2,"name":"Captain Atlas featured in GIO"}]},{"@type":"WebSite","@id":"https:\/\/captain-atlas.com\/#website","url":"https:\/\/captain-atlas.com\/","name":"Captain Atlas","description":"Illustration","publisher":{"@id":"https:\/\/captain-atlas.com\/#organization"},"potentialAction":[{"@type":"SearchAction","target":{"@type":"EntryPoint","urlTemplate":"https:\/\/captain-atlas.com\/?s={search_term_string}"},"query-input":{"@type":"PropertyValueSpecification","valueRequired":true,"valueName":"search_term_string"}}],"inLanguage":"en-GB"},{"@type":"Organization","@id":"https:\/\/captain-atlas.com\/#organization","name":"Captain Atlas","url":"https:\/\/captain-atlas.com\/","logo":{"@type":"ImageObject","inLanguage":"en-GB","@id":"https:\/\/captain-atlas.com\/#\/schema\/logo\/image\/","url":"https:\/\/captain-atlas.com\/wp-content\/uploads\/2021\/02\/Logo-Captain-Atlas.png","contentUrl":"https:\/\/captain-atlas.com\/wp-content\/uploads\/2021\/02\/Logo-Captain-Atlas.png","width":1000,"height":215,"caption":"Captain Atlas"},"image":{"@id":"https:\/\/captain-atlas.com\/#\/schema\/logo\/image\/"}}]}},"_links":{"self":[{"href":"https:\/\/captain-atlas.com\/en\/wp-json\/wp\/v2\/pages\/5306","targetHints":{"allow":["GET"]}}],"collection":[{"href":"https:\/\/captain-atlas.com\/en\/wp-json\/wp\/v2\/pages"}],"about":[{"href":"https:\/\/captain-atlas.com\/en\/wp-json\/wp\/v2\/types\/page"}],"author":[{"embeddable":true,"href":"https:\/\/captain-atlas.com\/en\/wp-json\/wp\/v2\/users\/1"}],"replies":[{"embeddable":true,"href":"https:\/\/captain-atlas.com\/en\/wp-json\/wp\/v2\/comments?post=5306"}],"version-history":[{"count":0,"href":"https:\/\/captain-atlas.com\/en\/wp-json\/wp\/v2\/pages\/5306\/revisions"}],"up":[{"embeddable":true,"href":"https:\/\/captain-atlas.com\/en\/wp-json\/wp\/v2\/pages\/5112"}],"wp:attachment":[{"href":"https:\/\/captain-atlas.com\/en\/wp-json\/wp\/v2\/media?parent=5306"}],"curies":[{"name":"wp","href":"https:\/\/api.w.org\/{rel}","templated":true}]}}