{"id":8231,"date":"2023-03-19T10:59:04","date_gmt":"2023-03-19T09:59:04","guid":{"rendered":"https:\/\/captain-atlas.com\/?page_id=8231"},"modified":"2023-03-19T11:05:48","modified_gmt":"2023-03-19T10:05:48","slug":"collection-envol","status":"publish","type":"page","link":"https:\/\/captain-atlas.com\/en\/news\/collection-envol\/","title":{"rendered":"Collection Envol"},"content":{"rendered":"<div data-elementor-type=\"wp-page\" data-elementor-id=\"8231\" class=\"elementor elementor-8231\" data-elementor-settings=\"{&quot;ha_cmc_init_switcher&quot;:&quot;no&quot;}\" data-elementor-post-type=\"page\">\n\t\t\t\t\t\t<section class=\"elementor-section elementor-top-section elementor-element elementor-element-27358d59 elementor-section-full_width elementor-section-height-default elementor-section-height-default\" data-id=\"27358d59\" data-element_type=\"section\" data-e-type=\"section\" data-settings=\"{&quot;background_background&quot;:&quot;classic&quot;,&quot;_ha_eqh_enable&quot;:false}\">\n\t\t\t\t\t\t<div class=\"elementor-container elementor-column-gap-default\">\n\t\t\t\t\t<div class=\"elementor-column elementor-col-25 elementor-top-column elementor-element elementor-element-2761beb8 elementor-hidden-phone elementor-hidden-tablet\" data-id=\"2761beb8\" data-element_type=\"column\" data-e-type=\"column\">\n\t\t\t<div class=\"elementor-widget-wrap\">\n\t\t\t\t\t\t\t<\/div>\n\t\t<\/div>\n\t\t\t\t<div class=\"elementor-column elementor-col-25 elementor-top-column elementor-element elementor-element-7e40a9bf\" data-id=\"7e40a9bf\" data-element_type=\"column\" data-e-type=\"column\">\n\t\t\t<div class=\"elementor-widget-wrap elementor-element-populated\">\n\t\t\t\t\t\t<div class=\"elementor-element elementor-element-725b7b03 elementor-widget elementor-widget-image\" data-id=\"725b7b03\" data-element_type=\"widget\" data-e-type=\"widget\" data-widget_type=\"image.default\">\n\t\t\t\t<div class=\"elementor-widget-container\">\n\t\t\t\t\t\t\t\t\t\t\t\t\t\t\t<img fetchpriority=\"high\" decoding=\"async\" width=\"800\" height=\"800\" src=\"https:\/\/captain-atlas.com\/wp-content\/uploads\/2023\/03\/captain-atlas-affiche-produit-balistique-I-800x800-3.jpg\" class=\"attachment-full size-full wp-image-8104\" alt=\"Balistique I\" srcset=\"https:\/\/captain-atlas.com\/wp-content\/uploads\/2023\/03\/captain-atlas-affiche-produit-balistique-I-800x800-3.jpg 800w, https:\/\/captain-atlas.com\/wp-content\/uploads\/2023\/03\/captain-atlas-affiche-produit-balistique-I-800x800-3-300x300.jpg 300w, https:\/\/captain-atlas.com\/wp-content\/uploads\/2023\/03\/captain-atlas-affiche-produit-balistique-I-800x800-3-150x150.jpg 150w, https:\/\/captain-atlas.com\/wp-content\/uploads\/2023\/03\/captain-atlas-affiche-produit-balistique-I-800x800-3-768x768.jpg 768w, https:\/\/captain-atlas.com\/wp-content\/uploads\/2023\/03\/captain-atlas-affiche-produit-balistique-I-800x800-3-12x12.jpg 12w, https:\/\/captain-atlas.com\/wp-content\/uploads\/2023\/03\/captain-atlas-affiche-produit-balistique-I-800x800-3-700x700.jpg 700w, https:\/\/captain-atlas.com\/wp-content\/uploads\/2023\/03\/captain-atlas-affiche-produit-balistique-I-800x800-3-100x100.jpg 100w, https:\/\/captain-atlas.com\/wp-content\/uploads\/2023\/03\/captain-atlas-affiche-produit-balistique-I-800x800-3-200x200.jpg 200w, https:\/\/captain-atlas.com\/wp-content\/uploads\/2023\/03\/captain-atlas-affiche-produit-balistique-I-800x800-3-450x450.jpg 450w, https:\/\/captain-atlas.com\/wp-content\/uploads\/2023\/03\/captain-atlas-affiche-produit-balistique-I-800x800-3-600x600.jpg 600w\" sizes=\"(max-width: 800px) 100vw, 800px\" \/>\t\t\t\t\t\t\t\t\t\t\t\t\t\t\t<\/div>\n\t\t\t\t<\/div>\n\t\t\t\t<div class=\"elementor-element elementor-element-0670def elementor-widget elementor-widget-image\" data-id=\"0670def\" data-element_type=\"widget\" data-e-type=\"widget\" data-widget_type=\"image.default\">\n\t\t\t\t<div class=\"elementor-widget-container\">\n\t\t\t\t\t\t\t\t\t\t\t\t\t\t\t<img decoding=\"async\" width=\"1000\" height=\"1400\" src=\"https:\/\/captain-atlas.com\/wp-content\/uploads\/2023\/03\/captain-atlas-affiche-produit-couche-limite-I-1000x1400-1.jpg\" class=\"attachment-full size-full wp-image-8109\" alt=\"Couche limite I\" srcset=\"https:\/\/captain-atlas.com\/wp-content\/uploads\/2023\/03\/captain-atlas-affiche-produit-couche-limite-I-1000x1400-1.jpg 1000w, https:\/\/captain-atlas.com\/wp-content\/uploads\/2023\/03\/captain-atlas-affiche-produit-couche-limite-I-1000x1400-1-214x300.jpg 214w, https:\/\/captain-atlas.com\/wp-content\/uploads\/2023\/03\/captain-atlas-affiche-produit-couche-limite-I-1000x1400-1-731x1024.jpg 731w, https:\/\/captain-atlas.com\/wp-content\/uploads\/2023\/03\/captain-atlas-affiche-produit-couche-limite-I-1000x1400-1-768x1075.jpg 768w, https:\/\/captain-atlas.com\/wp-content\/uploads\/2023\/03\/captain-atlas-affiche-produit-couche-limite-I-1000x1400-1-9x12.jpg 9w, https:\/\/captain-atlas.com\/wp-content\/uploads\/2023\/03\/captain-atlas-affiche-produit-couche-limite-I-1000x1400-1-100x140.jpg 100w, https:\/\/captain-atlas.com\/wp-content\/uploads\/2023\/03\/captain-atlas-affiche-produit-couche-limite-I-1000x1400-1-150x210.jpg 150w, https:\/\/captain-atlas.com\/wp-content\/uploads\/2023\/03\/captain-atlas-affiche-produit-couche-limite-I-1000x1400-1-200x280.jpg 200w, https:\/\/captain-atlas.com\/wp-content\/uploads\/2023\/03\/captain-atlas-affiche-produit-couche-limite-I-1000x1400-1-300x420.jpg 300w, https:\/\/captain-atlas.com\/wp-content\/uploads\/2023\/03\/captain-atlas-affiche-produit-couche-limite-I-1000x1400-1-450x630.jpg 450w, https:\/\/captain-atlas.com\/wp-content\/uploads\/2023\/03\/captain-atlas-affiche-produit-couche-limite-I-1000x1400-1-600x840.jpg 600w, https:\/\/captain-atlas.com\/wp-content\/uploads\/2023\/03\/captain-atlas-affiche-produit-couche-limite-I-1000x1400-1-900x1260.jpg 900w, https:\/\/captain-atlas.com\/wp-content\/uploads\/2023\/03\/captain-atlas-affiche-produit-couche-limite-I-1000x1400-1-800x1120.jpg 800w\" sizes=\"(max-width: 1000px) 100vw, 1000px\" \/>\t\t\t\t\t\t\t\t\t\t\t\t\t\t\t<\/div>\n\t\t\t\t<\/div>\n\t\t\t\t\t<\/div>\n\t\t<\/div>\n\t\t\t\t<div class=\"elementor-column elementor-col-25 elementor-top-column elementor-element elementor-element-2edb4a3b\" data-id=\"2edb4a3b\" data-element_type=\"column\" data-e-type=\"column\">\n\t\t\t<div class=\"elementor-widget-wrap elementor-element-populated\">\n\t\t\t\t\t\t<div class=\"elementor-element elementor-element-244bca24 elementor-widget elementor-widget-heading\" data-id=\"244bca24\" data-element_type=\"widget\" data-e-type=\"widget\" data-widget_type=\"heading.default\">\n\t\t\t\t<div class=\"elementor-widget-container\">\n\t\t\t\t\t<h1 class=\"elementor-heading-title elementor-size-default\">Collection Envol<\/h1>\t\t\t\t<\/div>\n\t\t\t\t<\/div>\n\t\t\t\t<div class=\"elementor-element elementor-element-f03aada elementor-widget elementor-widget-heading\" data-id=\"f03aada\" data-element_type=\"widget\" data-e-type=\"widget\" data-widget_type=\"heading.default\">\n\t\t\t\t<div class=\"elementor-widget-container\">\n\t\t\t\t\t<div class=\"elementor-heading-title elementor-size-default\">---<\/div>\t\t\t\t<\/div>\n\t\t\t\t<\/div>\n\t\t\t\t<div class=\"elementor-element elementor-element-6bd9a91 elementor-widget elementor-widget-heading\" data-id=\"6bd9a91\" data-element_type=\"widget\" data-e-type=\"widget\" data-widget_type=\"heading.default\">\n\t\t\t\t<div class=\"elementor-widget-container\">\n\t\t\t\t\t<h2 class=\"elementor-heading-title elementor-size-default\">New poster collection launch<br>01-04-23<\/h2>\t\t\t\t<\/div>\n\t\t\t\t<\/div>\n\t\t\t\t<div class=\"elementor-element elementor-element-548311c elementor-widget elementor-widget-heading\" data-id=\"548311c\" data-element_type=\"widget\" data-e-type=\"widget\" data-widget_type=\"heading.default\">\n\t\t\t\t<div class=\"elementor-widget-container\">\n\t\t\t\t\t<div class=\"elementor-heading-title elementor-size-default\">---<\/div>\t\t\t\t<\/div>\n\t\t\t\t<\/div>\n\t\t\t\t<div class=\"elementor-element elementor-element-e1896bd elementor-widget elementor-widget-text-editor\" data-id=\"e1896bd\" data-element_type=\"widget\" data-e-type=\"widget\" data-widget_type=\"text-editor.default\">\n\t\t\t\t<div class=\"elementor-widget-container\">\n\t\t\t\t\t\t\t\t\t<p>Captain Atlas lance une nouvelle s\u00e9rie d&#8217;affiches rendant hommage aux maxi trimarans Ultim. &#8220;Envol&#8221;, raconte le moment suspendu o\u00f9 les maxi trimarans se d\u00e9lestent de la gravit\u00e9. Une phase de transition, un \u00e9quilibre d\u00e9licat entre ciel et mer.<br \/><br \/>Bon vol !<br \/><br \/><a href=\"https:\/\/captain-atlas.com\/en\/work\/envol\/\">More info and illustrations.<\/a><\/p>\t\t\t\t\t\t\t\t<\/div>\n\t\t\t\t<\/div>\n\t\t\t\t<div class=\"elementor-element elementor-element-594cceae elementor-widget elementor-widget-text-editor\" data-id=\"594cceae\" data-element_type=\"widget\" data-e-type=\"widget\" data-widget_type=\"text-editor.default\">\n\t\t\t\t<div class=\"elementor-widget-container\">\n\t\t\t\t\t\t\t\t\t<p>&#8212;-<\/p>\t\t\t\t\t\t\t\t<\/div>\n\t\t\t\t<\/div>\n\t\t\t\t\t<\/div>\n\t\t<\/div>\n\t\t\t\t<div class=\"elementor-column elementor-col-25 elementor-top-column elementor-element elementor-element-5af2bad4\" data-id=\"5af2bad4\" data-element_type=\"column\" data-e-type=\"column\">\n\t\t\t<div class=\"elementor-widget-wrap elementor-element-populated\">\n\t\t\t\t\t\t<div class=\"elementor-element elementor-element-2da45bc elementor-align-right elementor-tablet-align-center elementor-mobile-align-center elementor-widget elementor-widget-button\" data-id=\"2da45bc\" data-element_type=\"widget\" data-e-type=\"widget\" data-widget_type=\"button.default\">\n\t\t\t\t<div class=\"elementor-widget-container\">\n\t\t\t\t\t\t\t\t\t<div class=\"elementor-button-wrapper\">\n\t\t\t\t\t<a class=\"elementor-button elementor-button-link elementor-size-md\" href=\"https:\/\/captain-atlas.com\/en\/shop\/\">\n\t\t\t\t\t\t<span class=\"elementor-button-content-wrapper\">\n\t\t\t\t\t\t\t\t\t<span class=\"elementor-button-text\">BUY NOW<\/span>\n\t\t\t\t\t<\/span>\n\t\t\t\t\t<\/a>\n\t\t\t\t<\/div>\n\t\t\t\t\t\t\t\t<\/div>\n\t\t\t\t<\/div>\n\t\t\t\t\t<\/div>\n\t\t<\/div>\n\t\t\t\t\t<\/div>\n\t\t<\/section>\n\t\t\t\t<\/div>","protected":false},"excerpt":{"rendered":"<p>Collection Envol &#8212; Lancement nouvelles affiches01-04-23 &#8212; Captain Atlas lance une nouvelle s\u00e9rie d&#8217;affiches rendant hommage aux maxi trimarans Ultim. &#8220;Envol&#8221;, raconte le moment suspendu o\u00f9 les maxi trimarans se d\u00e9lestent de la gravit\u00e9. Une phase de transition, un \u00e9quilibre &hellip;<\/p>\n<p class=\"read-more\"> <a class=\"more-link\" href=\"https:\/\/captain-atlas.com\/en\/news\/collection-envol\/\"> <span class=\"screen-reader-text\">Collection Envol<\/span> Read More &raquo;<\/a><\/p>","protected":false},"author":1,"featured_media":0,"parent":5112,"menu_order":8,"comment_status":"closed","ping_status":"closed","template":"","meta":{"footnotes":""},"class_list":["post-8231","page","type-page","status-publish","hentry"],"yoast_head":"<!-- This site is optimized with the Yoast SEO plugin v27.4 - https:\/\/yoast.com\/product\/yoast-seo-wordpress\/ -->\n<title>Collection Envol - Captain Atlas<\/title>\n<meta name=\"robots\" content=\"index, follow, max-snippet:-1, max-image-preview:large, max-video-preview:-1\" \/>\n<link rel=\"canonical\" href=\"https:\/\/captain-atlas.com\/en\/news\/collection-envol\/\" \/>\n<meta property=\"og:locale\" content=\"en_GB\" \/>\n<meta property=\"og:type\" content=\"article\" \/>\n<meta property=\"og:title\" content=\"Collection Envol - Captain Atlas\" \/>\n<meta property=\"og:description\" content=\"Collection Envol &#8212; Lancement nouvelles affiches01-04-23 &#8212; Captain Atlas lance une nouvelle s\u00e9rie d&#8217;affiches rendant hommage aux maxi trimarans Ultim. &#8220;Envol&#8221;, raconte le moment suspendu o\u00f9 les maxi trimarans se d\u00e9lestent de la gravit\u00e9. Une phase de transition, un \u00e9quilibre &hellip; Collection Envol Read More &raquo;\" \/>\n<meta property=\"og:url\" content=\"https:\/\/captain-atlas.com\/en\/news\/collection-envol\/\" \/>\n<meta property=\"og:site_name\" content=\"Captain Atlas\" \/>\n<meta property=\"article:modified_time\" content=\"2023-03-19T10:05:48+00:00\" \/>\n<meta property=\"og:image\" content=\"https:\/\/captain-atlas.com\/wp-content\/uploads\/2023\/03\/captain-atlas-affiche-produit-balistique-I-800x800-3.jpg\" \/>\n<meta name=\"twitter:label1\" content=\"Estimated reading time\" \/>\n\t<meta name=\"twitter:data1\" content=\"1 minute\" \/>\n<script type=\"application\/ld+json\" class=\"yoast-schema-graph\">{\"@context\":\"https:\\\/\\\/schema.org\",\"@graph\":[{\"@type\":\"WebPage\",\"@id\":\"https:\\\/\\\/captain-atlas.com\\\/news\\\/collection-envol\\\/\",\"url\":\"https:\\\/\\\/captain-atlas.com\\\/news\\\/collection-envol\\\/\",\"name\":\"Collection Envol - Captain Atlas\",\"isPartOf\":{\"@id\":\"https:\\\/\\\/captain-atlas.com\\\/#website\"},\"primaryImageOfPage\":{\"@id\":\"https:\\\/\\\/captain-atlas.com\\\/news\\\/collection-envol\\\/#primaryimage\"},\"image\":{\"@id\":\"https:\\\/\\\/captain-atlas.com\\\/news\\\/collection-envol\\\/#primaryimage\"},\"thumbnailUrl\":\"https:\\\/\\\/captain-atlas.com\\\/wp-content\\\/uploads\\\/2023\\\/03\\\/captain-atlas-affiche-produit-balistique-I-800x800-3.jpg\",\"datePublished\":\"2023-03-19T09:59:04+00:00\",\"dateModified\":\"2023-03-19T10:05:48+00:00\",\"breadcrumb\":{\"@id\":\"https:\\\/\\\/captain-atlas.com\\\/news\\\/collection-envol\\\/#breadcrumb\"},\"inLanguage\":\"en-GB\",\"potentialAction\":[{\"@type\":\"ReadAction\",\"target\":[\"https:\\\/\\\/captain-atlas.com\\\/news\\\/collection-envol\\\/\"]}]},{\"@type\":\"ImageObject\",\"inLanguage\":\"en-GB\",\"@id\":\"https:\\\/\\\/captain-atlas.com\\\/news\\\/collection-envol\\\/#primaryimage\",\"url\":\"https:\\\/\\\/captain-atlas.com\\\/wp-content\\\/uploads\\\/2023\\\/03\\\/captain-atlas-affiche-produit-balistique-I-800x800-3.jpg\",\"contentUrl\":\"https:\\\/\\\/captain-atlas.com\\\/wp-content\\\/uploads\\\/2023\\\/03\\\/captain-atlas-affiche-produit-balistique-I-800x800-3.jpg\"},{\"@type\":\"BreadcrumbList\",\"@id\":\"https:\\\/\\\/captain-atlas.com\\\/news\\\/collection-envol\\\/#breadcrumb\",\"itemListElement\":[{\"@type\":\"ListItem\",\"position\":1,\"name\":\"News\",\"item\":\"https:\\\/\\\/captain-atlas.com\\\/news\\\/\"},{\"@type\":\"ListItem\",\"position\":2,\"name\":\"Collection Envol\"}]},{\"@type\":\"WebSite\",\"@id\":\"https:\\\/\\\/captain-atlas.com\\\/#website\",\"url\":\"https:\\\/\\\/captain-atlas.com\\\/\",\"name\":\"Captain Atlas\",\"description\":\"Illustration\",\"publisher\":{\"@id\":\"https:\\\/\\\/captain-atlas.com\\\/#organization\"},\"potentialAction\":[{\"@type\":\"SearchAction\",\"target\":{\"@type\":\"EntryPoint\",\"urlTemplate\":\"https:\\\/\\\/captain-atlas.com\\\/?s={search_term_string}\"},\"query-input\":{\"@type\":\"PropertyValueSpecification\",\"valueRequired\":true,\"valueName\":\"search_term_string\"}}],\"inLanguage\":\"en-GB\"},{\"@type\":\"Organization\",\"@id\":\"https:\\\/\\\/captain-atlas.com\\\/#organization\",\"name\":\"Captain Atlas\",\"url\":\"https:\\\/\\\/captain-atlas.com\\\/\",\"logo\":{\"@type\":\"ImageObject\",\"inLanguage\":\"en-GB\",\"@id\":\"https:\\\/\\\/captain-atlas.com\\\/#\\\/schema\\\/logo\\\/image\\\/\",\"url\":\"https:\\\/\\\/captain-atlas.com\\\/wp-content\\\/uploads\\\/2021\\\/02\\\/Logo-Captain-Atlas.png\",\"contentUrl\":\"https:\\\/\\\/captain-atlas.com\\\/wp-content\\\/uploads\\\/2021\\\/02\\\/Logo-Captain-Atlas.png\",\"width\":1000,\"height\":215,\"caption\":\"Captain Atlas\"},\"image\":{\"@id\":\"https:\\\/\\\/captain-atlas.com\\\/#\\\/schema\\\/logo\\\/image\\\/\"}}]}<\/script>\n<!-- \/ Yoast SEO plugin. -->","yoast_head_json":{"title":"Collection Envol - Captain Atlas","robots":{"index":"index","follow":"follow","max-snippet":"max-snippet:-1","max-image-preview":"max-image-preview:large","max-video-preview":"max-video-preview:-1"},"canonical":"https:\/\/captain-atlas.com\/en\/news\/collection-envol\/","og_locale":"en_GB","og_type":"article","og_title":"Collection Envol - Captain Atlas","og_description":"Collection Envol &#8212; Lancement nouvelles affiches01-04-23 &#8212; Captain Atlas lance une nouvelle s\u00e9rie d&#8217;affiches rendant hommage aux maxi trimarans Ultim. &#8220;Envol&#8221;, raconte le moment suspendu o\u00f9 les maxi trimarans se d\u00e9lestent de la gravit\u00e9. Une phase de transition, un \u00e9quilibre &hellip; Collection Envol Read More &raquo;","og_url":"https:\/\/captain-atlas.com\/en\/news\/collection-envol\/","og_site_name":"Captain Atlas","article_modified_time":"2023-03-19T10:05:48+00:00","og_image":[{"url":"https:\/\/captain-atlas.com\/wp-content\/uploads\/2023\/03\/captain-atlas-affiche-produit-balistique-I-800x800-3.jpg","type":"","width":"","height":""}],"twitter_misc":{"Estimated reading time":"1 minute"},"schema":{"@context":"https:\/\/schema.org","@graph":[{"@type":"WebPage","@id":"https:\/\/captain-atlas.com\/news\/collection-envol\/","url":"https:\/\/captain-atlas.com\/news\/collection-envol\/","name":"Collection Envol - Captain Atlas","isPartOf":{"@id":"https:\/\/captain-atlas.com\/#website"},"primaryImageOfPage":{"@id":"https:\/\/captain-atlas.com\/news\/collection-envol\/#primaryimage"},"image":{"@id":"https:\/\/captain-atlas.com\/news\/collection-envol\/#primaryimage"},"thumbnailUrl":"https:\/\/captain-atlas.com\/wp-content\/uploads\/2023\/03\/captain-atlas-affiche-produit-balistique-I-800x800-3.jpg","datePublished":"2023-03-19T09:59:04+00:00","dateModified":"2023-03-19T10:05:48+00:00","breadcrumb":{"@id":"https:\/\/captain-atlas.com\/news\/collection-envol\/#breadcrumb"},"inLanguage":"en-GB","potentialAction":[{"@type":"ReadAction","target":["https:\/\/captain-atlas.com\/news\/collection-envol\/"]}]},{"@type":"ImageObject","inLanguage":"en-GB","@id":"https:\/\/captain-atlas.com\/news\/collection-envol\/#primaryimage","url":"https:\/\/captain-atlas.com\/wp-content\/uploads\/2023\/03\/captain-atlas-affiche-produit-balistique-I-800x800-3.jpg","contentUrl":"https:\/\/captain-atlas.com\/wp-content\/uploads\/2023\/03\/captain-atlas-affiche-produit-balistique-I-800x800-3.jpg"},{"@type":"BreadcrumbList","@id":"https:\/\/captain-atlas.com\/news\/collection-envol\/#breadcrumb","itemListElement":[{"@type":"ListItem","position":1,"name":"News","item":"https:\/\/captain-atlas.com\/news\/"},{"@type":"ListItem","position":2,"name":"Collection Envol"}]},{"@type":"WebSite","@id":"https:\/\/captain-atlas.com\/#website","url":"https:\/\/captain-atlas.com\/","name":"Captain Atlas","description":"Illustration","publisher":{"@id":"https:\/\/captain-atlas.com\/#organization"},"potentialAction":[{"@type":"SearchAction","target":{"@type":"EntryPoint","urlTemplate":"https:\/\/captain-atlas.com\/?s={search_term_string}"},"query-input":{"@type":"PropertyValueSpecification","valueRequired":true,"valueName":"search_term_string"}}],"inLanguage":"en-GB"},{"@type":"Organization","@id":"https:\/\/captain-atlas.com\/#organization","name":"Captain Atlas","url":"https:\/\/captain-atlas.com\/","logo":{"@type":"ImageObject","inLanguage":"en-GB","@id":"https:\/\/captain-atlas.com\/#\/schema\/logo\/image\/","url":"https:\/\/captain-atlas.com\/wp-content\/uploads\/2021\/02\/Logo-Captain-Atlas.png","contentUrl":"https:\/\/captain-atlas.com\/wp-content\/uploads\/2021\/02\/Logo-Captain-Atlas.png","width":1000,"height":215,"caption":"Captain Atlas"},"image":{"@id":"https:\/\/captain-atlas.com\/#\/schema\/logo\/image\/"}}]}},"_links":{"self":[{"href":"https:\/\/captain-atlas.com\/en\/wp-json\/wp\/v2\/pages\/8231","targetHints":{"allow":["GET"]}}],"collection":[{"href":"https:\/\/captain-atlas.com\/en\/wp-json\/wp\/v2\/pages"}],"about":[{"href":"https:\/\/captain-atlas.com\/en\/wp-json\/wp\/v2\/types\/page"}],"author":[{"embeddable":true,"href":"https:\/\/captain-atlas.com\/en\/wp-json\/wp\/v2\/users\/1"}],"replies":[{"embeddable":true,"href":"https:\/\/captain-atlas.com\/en\/wp-json\/wp\/v2\/comments?post=8231"}],"version-history":[{"count":10,"href":"https:\/\/captain-atlas.com\/en\/wp-json\/wp\/v2\/pages\/8231\/revisions"}],"predecessor-version":[{"id":8241,"href":"https:\/\/captain-atlas.com\/en\/wp-json\/wp\/v2\/pages\/8231\/revisions\/8241"}],"up":[{"embeddable":true,"href":"https:\/\/captain-atlas.com\/en\/wp-json\/wp\/v2\/pages\/5112"}],"wp:attachment":[{"href":"https:\/\/captain-atlas.com\/en\/wp-json\/wp\/v2\/media?parent=8231"}],"curies":[{"name":"wp","href":"https:\/\/api.w.org\/{rel}","templated":true}]}}