{"id":8485,"date":"2024-09-29T07:15:12","date_gmt":"2024-09-29T06:15:12","guid":{"rendered":"https:\/\/captain-atlas.com\/?page_id=8485"},"modified":"2024-09-29T18:46:36","modified_gmt":"2024-09-29T17:46:36","slug":"sauvetage-snsm","status":"publish","type":"page","link":"https:\/\/captain-atlas.com\/en\/news\/sauvetage-snsm\/","title":{"rendered":"Sauvetage SNSM"},"content":{"rendered":"<div data-elementor-type=\"wp-page\" data-elementor-id=\"8485\" class=\"elementor elementor-8485\" data-elementor-settings=\"{&quot;ha_cmc_init_switcher&quot;:&quot;no&quot;}\" data-elementor-post-type=\"page\">\n\t\t\t\t\t\t<section class=\"elementor-section elementor-top-section elementor-element elementor-element-27358d59 elementor-section-full_width elementor-section-height-default elementor-section-height-default\" data-id=\"27358d59\" data-element_type=\"section\" data-e-type=\"section\" data-settings=\"{&quot;background_background&quot;:&quot;classic&quot;,&quot;_ha_eqh_enable&quot;:false}\">\n\t\t\t\t\t\t<div class=\"elementor-container elementor-column-gap-default\">\n\t\t\t\t\t<div class=\"elementor-column elementor-col-25 elementor-top-column elementor-element elementor-element-2761beb8 elementor-hidden-phone elementor-hidden-tablet\" data-id=\"2761beb8\" data-element_type=\"column\" data-e-type=\"column\">\n\t\t\t<div class=\"elementor-widget-wrap\">\n\t\t\t\t\t\t\t<\/div>\n\t\t<\/div>\n\t\t\t\t<div class=\"elementor-column elementor-col-25 elementor-top-column elementor-element elementor-element-7e40a9bf\" data-id=\"7e40a9bf\" data-element_type=\"column\" data-e-type=\"column\">\n\t\t\t<div class=\"elementor-widget-wrap elementor-element-populated\">\n\t\t\t\t\t\t<div class=\"elementor-element elementor-element-725b7b03 elementor-widget elementor-widget-image\" data-id=\"725b7b03\" data-element_type=\"widget\" data-e-type=\"widget\" data-widget_type=\"image.default\">\n\t\t\t\t<div class=\"elementor-widget-container\">\n\t\t\t\t\t\t\t\t\t\t\t\t\t\t\t<img fetchpriority=\"high\" decoding=\"async\" width=\"600\" height=\"600\" src=\"https:\/\/captain-atlas.com\/wp-content\/uploads\/2024\/09\/captain-atlas-illustration-SNSM-2-600X600.jpg\" class=\"attachment-full size-full wp-image-8491\" alt=\"Captain Atlas soutient la SNSM\" srcset=\"https:\/\/captain-atlas.com\/wp-content\/uploads\/2024\/09\/captain-atlas-illustration-SNSM-2-600X600.jpg 600w, https:\/\/captain-atlas.com\/wp-content\/uploads\/2024\/09\/captain-atlas-illustration-SNSM-2-600X600-300x300.jpg 300w, https:\/\/captain-atlas.com\/wp-content\/uploads\/2024\/09\/captain-atlas-illustration-SNSM-2-600X600-150x150.jpg 150w, https:\/\/captain-atlas.com\/wp-content\/uploads\/2024\/09\/captain-atlas-illustration-SNSM-2-600X600-12x12.jpg 12w, https:\/\/captain-atlas.com\/wp-content\/uploads\/2024\/09\/captain-atlas-illustration-SNSM-2-600X600-100x100.jpg 100w, https:\/\/captain-atlas.com\/wp-content\/uploads\/2024\/09\/captain-atlas-illustration-SNSM-2-600X600-200x200.jpg 200w, https:\/\/captain-atlas.com\/wp-content\/uploads\/2024\/09\/captain-atlas-illustration-SNSM-2-600X600-450x450.jpg 450w\" sizes=\"(max-width: 600px) 100vw, 600px\" \/>\t\t\t\t\t\t\t\t\t\t\t\t\t\t\t<\/div>\n\t\t\t\t<\/div>\n\t\t\t\t<div class=\"elementor-element elementor-element-0670def elementor-widget elementor-widget-image\" data-id=\"0670def\" data-element_type=\"widget\" data-e-type=\"widget\" data-widget_type=\"image.default\">\n\t\t\t\t<div class=\"elementor-widget-container\">\n\t\t\t\t\t\t\t\t\t\t\t\t\t\t\t<img decoding=\"async\" width=\"1800\" height=\"1350\" src=\"https:\/\/captain-atlas.com\/wp-content\/uploads\/2024\/09\/captain-atlas-illustration-SNSM-3-300X600-1.jpg\" class=\"attachment-full size-full wp-image-8498\" alt=\"\" srcset=\"https:\/\/captain-atlas.com\/wp-content\/uploads\/2024\/09\/captain-atlas-illustration-SNSM-3-300X600-1.jpg 1800w, https:\/\/captain-atlas.com\/wp-content\/uploads\/2024\/09\/captain-atlas-illustration-SNSM-3-300X600-1-300x225.jpg 300w, https:\/\/captain-atlas.com\/wp-content\/uploads\/2024\/09\/captain-atlas-illustration-SNSM-3-300X600-1-1024x768.jpg 1024w, https:\/\/captain-atlas.com\/wp-content\/uploads\/2024\/09\/captain-atlas-illustration-SNSM-3-300X600-1-768x576.jpg 768w, https:\/\/captain-atlas.com\/wp-content\/uploads\/2024\/09\/captain-atlas-illustration-SNSM-3-300X600-1-1536x1152.jpg 1536w, https:\/\/captain-atlas.com\/wp-content\/uploads\/2024\/09\/captain-atlas-illustration-SNSM-3-300X600-1-16x12.jpg 16w, https:\/\/captain-atlas.com\/wp-content\/uploads\/2024\/09\/captain-atlas-illustration-SNSM-3-300X600-1-100x75.jpg 100w, https:\/\/captain-atlas.com\/wp-content\/uploads\/2024\/09\/captain-atlas-illustration-SNSM-3-300X600-1-150x113.jpg 150w, https:\/\/captain-atlas.com\/wp-content\/uploads\/2024\/09\/captain-atlas-illustration-SNSM-3-300X600-1-200x150.jpg 200w, https:\/\/captain-atlas.com\/wp-content\/uploads\/2024\/09\/captain-atlas-illustration-SNSM-3-300X600-1-450x338.jpg 450w, https:\/\/captain-atlas.com\/wp-content\/uploads\/2024\/09\/captain-atlas-illustration-SNSM-3-300X600-1-600x450.jpg 600w, https:\/\/captain-atlas.com\/wp-content\/uploads\/2024\/09\/captain-atlas-illustration-SNSM-3-300X600-1-900x675.jpg 900w, https:\/\/captain-atlas.com\/wp-content\/uploads\/2024\/09\/captain-atlas-illustration-SNSM-3-300X600-1-800x600.jpg 800w\" sizes=\"(max-width: 1800px) 100vw, 1800px\" \/>\t\t\t\t\t\t\t\t\t\t\t\t\t\t\t<\/div>\n\t\t\t\t<\/div>\n\t\t\t\t<div class=\"elementor-element elementor-element-b23794c elementor-widget elementor-widget-image\" data-id=\"b23794c\" data-element_type=\"widget\" data-e-type=\"widget\" data-widget_type=\"image.default\">\n\t\t\t\t<div class=\"elementor-widget-container\">\n\t\t\t\t\t\t\t\t\t\t\t\t\t\t\t<img decoding=\"async\" width=\"1800\" height=\"1350\" src=\"https:\/\/captain-atlas.com\/wp-content\/uploads\/2024\/09\/captain-atlas-illustration-SNSM-1-300X600-1.jpg\" class=\"attachment-full size-full wp-image-8499\" alt=\"Captain Atlas soutient la SNSM\" srcset=\"https:\/\/captain-atlas.com\/wp-content\/uploads\/2024\/09\/captain-atlas-illustration-SNSM-1-300X600-1.jpg 1800w, https:\/\/captain-atlas.com\/wp-content\/uploads\/2024\/09\/captain-atlas-illustration-SNSM-1-300X600-1-300x225.jpg 300w, https:\/\/captain-atlas.com\/wp-content\/uploads\/2024\/09\/captain-atlas-illustration-SNSM-1-300X600-1-1024x768.jpg 1024w, https:\/\/captain-atlas.com\/wp-content\/uploads\/2024\/09\/captain-atlas-illustration-SNSM-1-300X600-1-768x576.jpg 768w, https:\/\/captain-atlas.com\/wp-content\/uploads\/2024\/09\/captain-atlas-illustration-SNSM-1-300X600-1-1536x1152.jpg 1536w, https:\/\/captain-atlas.com\/wp-content\/uploads\/2024\/09\/captain-atlas-illustration-SNSM-1-300X600-1-16x12.jpg 16w, https:\/\/captain-atlas.com\/wp-content\/uploads\/2024\/09\/captain-atlas-illustration-SNSM-1-300X600-1-100x75.jpg 100w, https:\/\/captain-atlas.com\/wp-content\/uploads\/2024\/09\/captain-atlas-illustration-SNSM-1-300X600-1-150x113.jpg 150w, https:\/\/captain-atlas.com\/wp-content\/uploads\/2024\/09\/captain-atlas-illustration-SNSM-1-300X600-1-200x150.jpg 200w, https:\/\/captain-atlas.com\/wp-content\/uploads\/2024\/09\/captain-atlas-illustration-SNSM-1-300X600-1-450x338.jpg 450w, https:\/\/captain-atlas.com\/wp-content\/uploads\/2024\/09\/captain-atlas-illustration-SNSM-1-300X600-1-600x450.jpg 600w, https:\/\/captain-atlas.com\/wp-content\/uploads\/2024\/09\/captain-atlas-illustration-SNSM-1-300X600-1-900x675.jpg 900w, https:\/\/captain-atlas.com\/wp-content\/uploads\/2024\/09\/captain-atlas-illustration-SNSM-1-300X600-1-800x600.jpg 800w\" sizes=\"(max-width: 1800px) 100vw, 1800px\" \/>\t\t\t\t\t\t\t\t\t\t\t\t\t\t\t<\/div>\n\t\t\t\t<\/div>\n\t\t\t\t\t<\/div>\n\t\t<\/div>\n\t\t\t\t<div class=\"elementor-column elementor-col-25 elementor-top-column elementor-element elementor-element-2edb4a3b\" data-id=\"2edb4a3b\" data-element_type=\"column\" data-e-type=\"column\">\n\t\t\t<div class=\"elementor-widget-wrap elementor-element-populated\">\n\t\t\t\t\t\t<div class=\"elementor-element elementor-element-244bca24 elementor-widget elementor-widget-heading\" data-id=\"244bca24\" data-element_type=\"widget\" data-e-type=\"widget\" data-widget_type=\"heading.default\">\n\t\t\t\t<div class=\"elementor-widget-container\">\n\t\t\t\t\t<h1 class=\"elementor-heading-title elementor-size-default\">Captain Atlas soutient la SNSM<\/h1>\t\t\t\t<\/div>\n\t\t\t\t<\/div>\n\t\t\t\t<div class=\"elementor-element elementor-element-f03aada elementor-widget elementor-widget-heading\" data-id=\"f03aada\" data-element_type=\"widget\" data-e-type=\"widget\" data-widget_type=\"heading.default\">\n\t\t\t\t<div class=\"elementor-widget-container\">\n\t\t\t\t\t<div class=\"elementor-heading-title elementor-size-default\">---<\/div>\t\t\t\t<\/div>\n\t\t\t\t<\/div>\n\t\t\t\t<div class=\"elementor-element elementor-element-6bd9a91 elementor-widget elementor-widget-heading\" data-id=\"6bd9a91\" data-element_type=\"widget\" data-e-type=\"widget\" data-widget_type=\"heading.default\">\n\t\t\t\t<div class=\"elementor-widget-container\">\n\t\t\t\t\t<h2 class=\"elementor-heading-title elementor-size-default\">Editorial illustration<br>15-03-24<\/h2>\t\t\t\t<\/div>\n\t\t\t\t<\/div>\n\t\t\t\t<div class=\"elementor-element elementor-element-548311c elementor-widget elementor-widget-heading\" data-id=\"548311c\" data-element_type=\"widget\" data-e-type=\"widget\" data-widget_type=\"heading.default\">\n\t\t\t\t<div class=\"elementor-widget-container\">\n\t\t\t\t\t<div class=\"elementor-heading-title elementor-size-default\">---<\/div>\t\t\t\t<\/div>\n\t\t\t\t<\/div>\n\t\t\t\t<div class=\"elementor-element elementor-element-e1896bd elementor-widget elementor-widget-text-editor\" data-id=\"e1896bd\" data-element_type=\"widget\" data-e-type=\"widget\" data-widget_type=\"text-editor.default\">\n\t\t\t\t<div class=\"elementor-widget-container\">\n\t\t\t\t\t\t\t\t\t<div class=\"feed-shared-update-v2__description-wrapper mr2\" tabindex=\"-1\">\n<div class=\"feed-shared-inline-show-more-text feed-shared-update-v2__description feed-shared-inline-show-more-text--minimal-padding feed-shared-inline-show-more-text--3-lines feed-shared-inline-show-more-text--expanded\" tabindex=\"-1\" data-artdeco-is-focused=\"true\">\n<div class=\"update-components-text relative update-components-update-v2__commentary\" dir=\"ltr\">\n<p><span class=\"break-words tvm-parent-container\"> <span dir=\"ltr\">Captain Atlas est fier de soutenir les sauveteurs en mer de la SNSM, en participant b\u00e9n\u00e9volement \u00e0 la derni\u00e8re \u00e9dition du magazine Sauvetage.<\/span><\/span><\/p>\n<p>L\u00e0 o\u00f9 les sauveteurs n&#8217;ont pas le temps ou les moyens d&#8217;immortaliser leurs actions, l&#8217;illustration permet de raconter et magnifier leurs exploits.<\/p>\n<p>Vous aussi, <a href=\"https:\/\/www.snsm.org\/nous-soutenir\/donner\/avec-le-don-regulier-sauvez-des-vies-en-mer-toute-lannee\">soutenez la SNSM<\/a> et sauvez des vies !<\/p>\n<\/div>\n<\/div>\n<\/div>\n<div class=\"update-components-image update-components-image--smart-grid update-components-image--smart-grid-three-images update-components-image--smart-grid-three-images-horizontal feed-shared-update-v2__content\">\n<div class=\"update-components-image__container-wrapper relative\">\n<div class=\"update-components-image__container\">\u00a0<\/div>\n<\/div>\n<\/div>\t\t\t\t\t\t\t\t<\/div>\n\t\t\t\t<\/div>\n\t\t\t\t<div class=\"elementor-element elementor-element-594cceae elementor-widget elementor-widget-text-editor\" data-id=\"594cceae\" data-element_type=\"widget\" data-e-type=\"widget\" data-widget_type=\"text-editor.default\">\n\t\t\t\t<div class=\"elementor-widget-container\">\n\t\t\t\t\t\t\t\t\t<p>&#8212;-<\/p>\t\t\t\t\t\t\t\t<\/div>\n\t\t\t\t<\/div>\n\t\t\t\t\t<\/div>\n\t\t<\/div>\n\t\t\t\t<div class=\"elementor-column elementor-col-25 elementor-top-column elementor-element elementor-element-5af2bad4\" data-id=\"5af2bad4\" data-element_type=\"column\" data-e-type=\"column\">\n\t\t\t<div class=\"elementor-widget-wrap\">\n\t\t\t\t\t\t\t<\/div>\n\t\t<\/div>\n\t\t\t\t\t<\/div>\n\t\t<\/section>\n\t\t\t\t<\/div>","protected":false},"excerpt":{"rendered":"<p>Captain Atlas soutient la SNSM &#8212; Illustration \u00e9ditoriale15-03-24 &#8212; Captain Atlas est fier de soutenir les sauveteurs en mer de la SNSM, en participant b\u00e9n\u00e9volement \u00e0 la derni\u00e8re \u00e9dition du magazine Sauvetage. L\u00e0 o\u00f9 les sauveteurs n&#8217;ont pas le temps &hellip;<\/p>\n<p class=\"read-more\"> <a class=\"more-link\" href=\"https:\/\/captain-atlas.com\/en\/news\/sauvetage-snsm\/\"> <span class=\"screen-reader-text\">Sauvetage SNSM<\/span> Read More &raquo;<\/a><\/p>","protected":false},"author":1,"featured_media":0,"parent":5112,"menu_order":8,"comment_status":"closed","ping_status":"closed","template":"","meta":{"footnotes":""},"class_list":["post-8485","page","type-page","status-publish","hentry"],"yoast_head":"<!-- This site is optimized with the Yoast SEO plugin v27.3 - https:\/\/yoast.com\/product\/yoast-seo-wordpress\/ -->\n<title>Sauvetage SNSM - Captain Atlas<\/title>\n<meta name=\"robots\" content=\"index, follow, max-snippet:-1, max-image-preview:large, max-video-preview:-1\" \/>\n<link rel=\"canonical\" href=\"https:\/\/captain-atlas.com\/en\/news\/sauvetage-snsm\/\" \/>\n<meta property=\"og:locale\" content=\"en_GB\" \/>\n<meta property=\"og:type\" content=\"article\" \/>\n<meta property=\"og:title\" content=\"Sauvetage SNSM - Captain Atlas\" \/>\n<meta property=\"og:description\" content=\"Captain Atlas soutient la SNSM &#8212; Illustration \u00e9ditoriale15-03-24 &#8212; Captain Atlas est fier de soutenir les sauveteurs en mer de la SNSM, en participant b\u00e9n\u00e9volement \u00e0 la derni\u00e8re \u00e9dition du magazine Sauvetage. L\u00e0 o\u00f9 les sauveteurs n&#8217;ont pas le temps &hellip; Sauvetage SNSM Read More &raquo;\" \/>\n<meta property=\"og:url\" content=\"https:\/\/captain-atlas.com\/en\/news\/sauvetage-snsm\/\" \/>\n<meta property=\"og:site_name\" content=\"Captain Atlas\" \/>\n<meta property=\"article:modified_time\" content=\"2024-09-29T17:46:36+00:00\" \/>\n<meta property=\"og:image\" content=\"https:\/\/captain-atlas.com\/wp-content\/uploads\/2024\/09\/captain-atlas-illustration-SNSM-2-600X600.jpg\" \/>\n<meta name=\"twitter:label1\" content=\"Estimated reading time\" \/>\n\t<meta name=\"twitter:data1\" content=\"1 minute\" \/>\n<script type=\"application\/ld+json\" class=\"yoast-schema-graph\">{\"@context\":\"https:\\\/\\\/schema.org\",\"@graph\":[{\"@type\":\"WebPage\",\"@id\":\"https:\\\/\\\/captain-atlas.com\\\/news\\\/sauvetage-snsm\\\/\",\"url\":\"https:\\\/\\\/captain-atlas.com\\\/news\\\/sauvetage-snsm\\\/\",\"name\":\"Sauvetage SNSM - Captain Atlas\",\"isPartOf\":{\"@id\":\"https:\\\/\\\/captain-atlas.com\\\/#website\"},\"primaryImageOfPage\":{\"@id\":\"https:\\\/\\\/captain-atlas.com\\\/news\\\/sauvetage-snsm\\\/#primaryimage\"},\"image\":{\"@id\":\"https:\\\/\\\/captain-atlas.com\\\/news\\\/sauvetage-snsm\\\/#primaryimage\"},\"thumbnailUrl\":\"https:\\\/\\\/captain-atlas.com\\\/wp-content\\\/uploads\\\/2024\\\/09\\\/captain-atlas-illustration-SNSM-2-600X600.jpg\",\"datePublished\":\"2024-09-29T06:15:12+00:00\",\"dateModified\":\"2024-09-29T17:46:36+00:00\",\"breadcrumb\":{\"@id\":\"https:\\\/\\\/captain-atlas.com\\\/news\\\/sauvetage-snsm\\\/#breadcrumb\"},\"inLanguage\":\"en-GB\",\"potentialAction\":[{\"@type\":\"ReadAction\",\"target\":[\"https:\\\/\\\/captain-atlas.com\\\/news\\\/sauvetage-snsm\\\/\"]}]},{\"@type\":\"ImageObject\",\"inLanguage\":\"en-GB\",\"@id\":\"https:\\\/\\\/captain-atlas.com\\\/news\\\/sauvetage-snsm\\\/#primaryimage\",\"url\":\"https:\\\/\\\/captain-atlas.com\\\/wp-content\\\/uploads\\\/2024\\\/09\\\/captain-atlas-illustration-SNSM-2-600X600.jpg\",\"contentUrl\":\"https:\\\/\\\/captain-atlas.com\\\/wp-content\\\/uploads\\\/2024\\\/09\\\/captain-atlas-illustration-SNSM-2-600X600.jpg\"},{\"@type\":\"BreadcrumbList\",\"@id\":\"https:\\\/\\\/captain-atlas.com\\\/news\\\/sauvetage-snsm\\\/#breadcrumb\",\"itemListElement\":[{\"@type\":\"ListItem\",\"position\":1,\"name\":\"News\",\"item\":\"https:\\\/\\\/captain-atlas.com\\\/news\\\/\"},{\"@type\":\"ListItem\",\"position\":2,\"name\":\"Sauvetage SNSM\"}]},{\"@type\":\"WebSite\",\"@id\":\"https:\\\/\\\/captain-atlas.com\\\/#website\",\"url\":\"https:\\\/\\\/captain-atlas.com\\\/\",\"name\":\"Captain Atlas\",\"description\":\"Illustration\",\"publisher\":{\"@id\":\"https:\\\/\\\/captain-atlas.com\\\/#organization\"},\"potentialAction\":[{\"@type\":\"SearchAction\",\"target\":{\"@type\":\"EntryPoint\",\"urlTemplate\":\"https:\\\/\\\/captain-atlas.com\\\/?s={search_term_string}\"},\"query-input\":{\"@type\":\"PropertyValueSpecification\",\"valueRequired\":true,\"valueName\":\"search_term_string\"}}],\"inLanguage\":\"en-GB\"},{\"@type\":\"Organization\",\"@id\":\"https:\\\/\\\/captain-atlas.com\\\/#organization\",\"name\":\"Captain Atlas\",\"url\":\"https:\\\/\\\/captain-atlas.com\\\/\",\"logo\":{\"@type\":\"ImageObject\",\"inLanguage\":\"en-GB\",\"@id\":\"https:\\\/\\\/captain-atlas.com\\\/#\\\/schema\\\/logo\\\/image\\\/\",\"url\":\"https:\\\/\\\/captain-atlas.com\\\/wp-content\\\/uploads\\\/2021\\\/02\\\/Logo-Captain-Atlas.png\",\"contentUrl\":\"https:\\\/\\\/captain-atlas.com\\\/wp-content\\\/uploads\\\/2021\\\/02\\\/Logo-Captain-Atlas.png\",\"width\":1000,\"height\":215,\"caption\":\"Captain Atlas\"},\"image\":{\"@id\":\"https:\\\/\\\/captain-atlas.com\\\/#\\\/schema\\\/logo\\\/image\\\/\"}}]}<\/script>\n<!-- \/ Yoast SEO plugin. -->","yoast_head_json":{"title":"Sauvetage SNSM - Captain Atlas","robots":{"index":"index","follow":"follow","max-snippet":"max-snippet:-1","max-image-preview":"max-image-preview:large","max-video-preview":"max-video-preview:-1"},"canonical":"https:\/\/captain-atlas.com\/en\/news\/sauvetage-snsm\/","og_locale":"en_GB","og_type":"article","og_title":"Sauvetage SNSM - Captain Atlas","og_description":"Captain Atlas soutient la SNSM &#8212; Illustration \u00e9ditoriale15-03-24 &#8212; Captain Atlas est fier de soutenir les sauveteurs en mer de la SNSM, en participant b\u00e9n\u00e9volement \u00e0 la derni\u00e8re \u00e9dition du magazine Sauvetage. L\u00e0 o\u00f9 les sauveteurs n&#8217;ont pas le temps &hellip; Sauvetage SNSM Read More &raquo;","og_url":"https:\/\/captain-atlas.com\/en\/news\/sauvetage-snsm\/","og_site_name":"Captain Atlas","article_modified_time":"2024-09-29T17:46:36+00:00","og_image":[{"url":"https:\/\/captain-atlas.com\/wp-content\/uploads\/2024\/09\/captain-atlas-illustration-SNSM-2-600X600.jpg","type":"","width":"","height":""}],"twitter_misc":{"Estimated reading time":"1 minute"},"schema":{"@context":"https:\/\/schema.org","@graph":[{"@type":"WebPage","@id":"https:\/\/captain-atlas.com\/news\/sauvetage-snsm\/","url":"https:\/\/captain-atlas.com\/news\/sauvetage-snsm\/","name":"Sauvetage SNSM - Captain Atlas","isPartOf":{"@id":"https:\/\/captain-atlas.com\/#website"},"primaryImageOfPage":{"@id":"https:\/\/captain-atlas.com\/news\/sauvetage-snsm\/#primaryimage"},"image":{"@id":"https:\/\/captain-atlas.com\/news\/sauvetage-snsm\/#primaryimage"},"thumbnailUrl":"https:\/\/captain-atlas.com\/wp-content\/uploads\/2024\/09\/captain-atlas-illustration-SNSM-2-600X600.jpg","datePublished":"2024-09-29T06:15:12+00:00","dateModified":"2024-09-29T17:46:36+00:00","breadcrumb":{"@id":"https:\/\/captain-atlas.com\/news\/sauvetage-snsm\/#breadcrumb"},"inLanguage":"en-GB","potentialAction":[{"@type":"ReadAction","target":["https:\/\/captain-atlas.com\/news\/sauvetage-snsm\/"]}]},{"@type":"ImageObject","inLanguage":"en-GB","@id":"https:\/\/captain-atlas.com\/news\/sauvetage-snsm\/#primaryimage","url":"https:\/\/captain-atlas.com\/wp-content\/uploads\/2024\/09\/captain-atlas-illustration-SNSM-2-600X600.jpg","contentUrl":"https:\/\/captain-atlas.com\/wp-content\/uploads\/2024\/09\/captain-atlas-illustration-SNSM-2-600X600.jpg"},{"@type":"BreadcrumbList","@id":"https:\/\/captain-atlas.com\/news\/sauvetage-snsm\/#breadcrumb","itemListElement":[{"@type":"ListItem","position":1,"name":"News","item":"https:\/\/captain-atlas.com\/news\/"},{"@type":"ListItem","position":2,"name":"Sauvetage SNSM"}]},{"@type":"WebSite","@id":"https:\/\/captain-atlas.com\/#website","url":"https:\/\/captain-atlas.com\/","name":"Captain Atlas","description":"Illustration","publisher":{"@id":"https:\/\/captain-atlas.com\/#organization"},"potentialAction":[{"@type":"SearchAction","target":{"@type":"EntryPoint","urlTemplate":"https:\/\/captain-atlas.com\/?s={search_term_string}"},"query-input":{"@type":"PropertyValueSpecification","valueRequired":true,"valueName":"search_term_string"}}],"inLanguage":"en-GB"},{"@type":"Organization","@id":"https:\/\/captain-atlas.com\/#organization","name":"Captain Atlas","url":"https:\/\/captain-atlas.com\/","logo":{"@type":"ImageObject","inLanguage":"en-GB","@id":"https:\/\/captain-atlas.com\/#\/schema\/logo\/image\/","url":"https:\/\/captain-atlas.com\/wp-content\/uploads\/2021\/02\/Logo-Captain-Atlas.png","contentUrl":"https:\/\/captain-atlas.com\/wp-content\/uploads\/2021\/02\/Logo-Captain-Atlas.png","width":1000,"height":215,"caption":"Captain Atlas"},"image":{"@id":"https:\/\/captain-atlas.com\/#\/schema\/logo\/image\/"}}]}},"_links":{"self":[{"href":"https:\/\/captain-atlas.com\/en\/wp-json\/wp\/v2\/pages\/8485","targetHints":{"allow":["GET"]}}],"collection":[{"href":"https:\/\/captain-atlas.com\/en\/wp-json\/wp\/v2\/pages"}],"about":[{"href":"https:\/\/captain-atlas.com\/en\/wp-json\/wp\/v2\/types\/page"}],"author":[{"embeddable":true,"href":"https:\/\/captain-atlas.com\/en\/wp-json\/wp\/v2\/users\/1"}],"replies":[{"embeddable":true,"href":"https:\/\/captain-atlas.com\/en\/wp-json\/wp\/v2\/comments?post=8485"}],"version-history":[{"count":19,"href":"https:\/\/captain-atlas.com\/en\/wp-json\/wp\/v2\/pages\/8485\/revisions"}],"predecessor-version":[{"id":8799,"href":"https:\/\/captain-atlas.com\/en\/wp-json\/wp\/v2\/pages\/8485\/revisions\/8799"}],"up":[{"embeddable":true,"href":"https:\/\/captain-atlas.com\/en\/wp-json\/wp\/v2\/pages\/5112"}],"wp:attachment":[{"href":"https:\/\/captain-atlas.com\/en\/wp-json\/wp\/v2\/media?parent=8485"}],"curies":[{"name":"wp","href":"https:\/\/api.w.org\/{rel}","templated":true}]}}