{"id":1470,"date":"2021-03-03T16:46:04","date_gmt":"2021-03-03T15:46:04","guid":{"rendered":"https:\/\/captain-atlas.com\/?post_type=product&#038;p=1470"},"modified":"2026-03-12T20:47:33","modified_gmt":"2026-03-12T19:47:33","slug":"iles-du-cap-vert","status":"publish","type":"product","link":"https:\/\/captain-atlas.com\/en\/product\/iles-du-cap-vert\/","title":{"rendered":"Iles du Cap Vert"},"content":{"rendered":"<p><strong>30x40cm Format<br \/>\n<\/strong>Quadri print<br \/>\nPrint Speed offset white paper 300 gr<br \/>\nUnframed<\/p>\n<p><strong>50x70cm Format<br \/>\n<\/strong>Quadri print<br \/>\nPoster paper 160 gr<br \/>\nUnframed<\/p>\n<p><strong>Shipping<br \/>\n<\/strong>Silk paper wrapping<br \/>\nThick and strong cardboard packaging<br \/>\nDispatch within a maximum of 7 days<\/p>","protected":false},"excerpt":{"rendered":"<p>Affiche VG2020<\/p>","protected":false},"featured_media":6411,"template":"","meta":[],"product_brand":[],"product_cat":[21],"product_tag":[31,32,34,33],"class_list":{"0":"post-1470","1":"product","2":"type-product","3":"status-publish","4":"has-post-thumbnail","6":"product_cat-affiche","7":"product_tag-poster","8":"product_tag-sailing","9":"product_tag-sea","10":"product_tag-vg2020","12":"first","13":"outofstock","14":"taxable","15":"shipping-taxable","16":"purchasable","17":"product-type-variable","18":"has-default-attributes"},"yoast_head":"<!-- This site is optimized with the Yoast SEO plugin v27.3 - https:\/\/yoast.com\/product\/yoast-seo-wordpress\/ -->\n<title>Iles du Cap Vert - Captain Atlas<\/title>\n<meta name=\"description\" content=\"Affiche du VG2020. Illustration d&#039;un voilier en course au large. Il s\u2019agit d\u2019un hommage \u00e0 la plus grande des courses au large \u00e0 la voile : le tour du monde en solitaire, sans escale et sans assistance. C\u2019est une immersion dans l\u2019univers de marins hors normes, confront\u00e9s \u00e0 des conditions extr\u00eames et \u00e0 une grande solitude. Cette s\u00e9rie est une \u00e9pop\u00e9e glorifiant la relation entre le marin, son voilier et les \u00e9l\u00e9ments.\" \/>\n<meta name=\"robots\" content=\"index, follow, max-snippet:-1, max-image-preview:large, max-video-preview:-1\" \/>\n<link rel=\"canonical\" href=\"https:\/\/captain-atlas.com\/en\/product\/iles-du-cap-vert\/\" \/>\n<meta property=\"og:locale\" content=\"en_GB\" \/>\n<meta property=\"og:type\" content=\"article\" \/>\n<meta property=\"og:title\" content=\"Iles du Cap Vert - Captain Atlas\" \/>\n<meta property=\"og:description\" content=\"Affiche du VG2020. Illustration d&#039;un voilier en course au large. Il s\u2019agit d\u2019un hommage \u00e0 la plus grande des courses au large \u00e0 la voile : le tour du monde en solitaire, sans escale et sans assistance. C\u2019est une immersion dans l\u2019univers de marins hors normes, confront\u00e9s \u00e0 des conditions extr\u00eames et \u00e0 une grande solitude. Cette s\u00e9rie est une \u00e9pop\u00e9e glorifiant la relation entre le marin, son voilier et les \u00e9l\u00e9ments.\" \/>\n<meta property=\"og:url\" content=\"https:\/\/captain-atlas.com\/en\/product\/iles-du-cap-vert\/\" \/>\n<meta property=\"og:site_name\" content=\"Captain Atlas\" \/>\n<meta property=\"article:modified_time\" content=\"2026-03-12T19:47:33+00:00\" \/>\n<meta property=\"og:image\" content=\"https:\/\/captain-atlas.com\/wp-content\/uploads\/2022\/02\/captain-atlas-affiche-produit-cap-vert-800x800-5.jpg\" \/>\n\t<meta property=\"og:image:width\" content=\"1000\" \/>\n\t<meta property=\"og:image:height\" content=\"1400\" \/>\n\t<meta property=\"og:image:type\" content=\"image\/jpeg\" \/>\n<meta name=\"twitter:label1\" content=\"Estimated reading time\" \/>\n\t<meta name=\"twitter:data1\" content=\"1 minute\" \/>\n<script type=\"application\/ld+json\" class=\"yoast-schema-graph\">{\"@context\":\"https:\\\/\\\/schema.org\",\"@graph\":[{\"@type\":\"WebPage\",\"@id\":\"https:\\\/\\\/captain-atlas.com\\\/en\\\/product\\\/iles-du-cap-vert\\\/\",\"url\":\"https:\\\/\\\/captain-atlas.com\\\/en\\\/product\\\/iles-du-cap-vert\\\/\",\"name\":\"Iles du Cap Vert - Captain Atlas\",\"isPartOf\":{\"@id\":\"https:\\\/\\\/captain-atlas.com\\\/#website\"},\"primaryImageOfPage\":{\"@id\":\"https:\\\/\\\/captain-atlas.com\\\/en\\\/product\\\/iles-du-cap-vert\\\/#primaryimage\"},\"image\":{\"@id\":\"https:\\\/\\\/captain-atlas.com\\\/en\\\/product\\\/iles-du-cap-vert\\\/#primaryimage\"},\"thumbnailUrl\":\"https:\\\/\\\/captain-atlas.com\\\/wp-content\\\/uploads\\\/2022\\\/02\\\/captain-atlas-affiche-produit-cap-vert-800x800-5.jpg\",\"datePublished\":\"2021-03-03T15:46:04+00:00\",\"dateModified\":\"2026-03-12T19:47:33+00:00\",\"description\":\"Affiche du VG2020. Illustration d'un voilier en course au large. Il s\u2019agit d\u2019un hommage \u00e0 la plus grande des courses au large \u00e0 la voile : le tour du monde en solitaire, sans escale et sans assistance. C\u2019est une immersion dans l\u2019univers de marins hors normes, confront\u00e9s \u00e0 des conditions extr\u00eames et \u00e0 une grande solitude. Cette s\u00e9rie est une \u00e9pop\u00e9e glorifiant la relation entre le marin, son voilier et les \u00e9l\u00e9ments.\",\"breadcrumb\":{\"@id\":\"https:\\\/\\\/captain-atlas.com\\\/en\\\/product\\\/iles-du-cap-vert\\\/#breadcrumb\"},\"inLanguage\":\"en-GB\",\"potentialAction\":[{\"@type\":\"ReadAction\",\"target\":[\"https:\\\/\\\/captain-atlas.com\\\/en\\\/product\\\/iles-du-cap-vert\\\/\"]}]},{\"@type\":\"ImageObject\",\"inLanguage\":\"en-GB\",\"@id\":\"https:\\\/\\\/captain-atlas.com\\\/en\\\/product\\\/iles-du-cap-vert\\\/#primaryimage\",\"url\":\"https:\\\/\\\/captain-atlas.com\\\/wp-content\\\/uploads\\\/2022\\\/02\\\/captain-atlas-affiche-produit-cap-vert-800x800-5.jpg\",\"contentUrl\":\"https:\\\/\\\/captain-atlas.com\\\/wp-content\\\/uploads\\\/2022\\\/02\\\/captain-atlas-affiche-produit-cap-vert-800x800-5.jpg\",\"width\":1000,\"height\":1400,\"caption\":\"Iles du Cap Vert\"},{\"@type\":\"BreadcrumbList\",\"@id\":\"https:\\\/\\\/captain-atlas.com\\\/en\\\/product\\\/iles-du-cap-vert\\\/#breadcrumb\",\"itemListElement\":[{\"@type\":\"ListItem\",\"position\":1,\"name\":\"Shop\",\"item\":\"https:\\\/\\\/captain-atlas.com\\\/shop\\\/\"},{\"@type\":\"ListItem\",\"position\":2,\"name\":\"Iles du Cap Vert\"}]},{\"@type\":\"WebSite\",\"@id\":\"https:\\\/\\\/captain-atlas.com\\\/#website\",\"url\":\"https:\\\/\\\/captain-atlas.com\\\/\",\"name\":\"Captain Atlas\",\"description\":\"Illustration\",\"publisher\":{\"@id\":\"https:\\\/\\\/captain-atlas.com\\\/#organization\"},\"potentialAction\":[{\"@type\":\"SearchAction\",\"target\":{\"@type\":\"EntryPoint\",\"urlTemplate\":\"https:\\\/\\\/captain-atlas.com\\\/?s={search_term_string}\"},\"query-input\":{\"@type\":\"PropertyValueSpecification\",\"valueRequired\":true,\"valueName\":\"search_term_string\"}}],\"inLanguage\":\"en-GB\"},{\"@type\":\"Organization\",\"@id\":\"https:\\\/\\\/captain-atlas.com\\\/#organization\",\"name\":\"Captain Atlas\",\"url\":\"https:\\\/\\\/captain-atlas.com\\\/\",\"logo\":{\"@type\":\"ImageObject\",\"inLanguage\":\"en-GB\",\"@id\":\"https:\\\/\\\/captain-atlas.com\\\/#\\\/schema\\\/logo\\\/image\\\/\",\"url\":\"https:\\\/\\\/captain-atlas.com\\\/wp-content\\\/uploads\\\/2021\\\/02\\\/Logo-Captain-Atlas.png\",\"contentUrl\":\"https:\\\/\\\/captain-atlas.com\\\/wp-content\\\/uploads\\\/2021\\\/02\\\/Logo-Captain-Atlas.png\",\"width\":1000,\"height\":215,\"caption\":\"Captain Atlas\"},\"image\":{\"@id\":\"https:\\\/\\\/captain-atlas.com\\\/#\\\/schema\\\/logo\\\/image\\\/\"}}]}<\/script>\n<!-- \/ Yoast SEO plugin. -->","yoast_head_json":{"title":"Iles du Cap Vert - Captain Atlas","description":"Affiche du VG2020. Illustration d'un voilier en course au large. Il s\u2019agit d\u2019un hommage \u00e0 la plus grande des courses au large \u00e0 la voile : le tour du monde en solitaire, sans escale et sans assistance. C\u2019est une immersion dans l\u2019univers de marins hors normes, confront\u00e9s \u00e0 des conditions extr\u00eames et \u00e0 une grande solitude. Cette s\u00e9rie est une \u00e9pop\u00e9e glorifiant la relation entre le marin, son voilier et les \u00e9l\u00e9ments.","robots":{"index":"index","follow":"follow","max-snippet":"max-snippet:-1","max-image-preview":"max-image-preview:large","max-video-preview":"max-video-preview:-1"},"canonical":"https:\/\/captain-atlas.com\/en\/product\/iles-du-cap-vert\/","og_locale":"en_GB","og_type":"article","og_title":"Iles du Cap Vert - Captain Atlas","og_description":"Affiche du VG2020. Illustration d'un voilier en course au large. Il s\u2019agit d\u2019un hommage \u00e0 la plus grande des courses au large \u00e0 la voile : le tour du monde en solitaire, sans escale et sans assistance. C\u2019est une immersion dans l\u2019univers de marins hors normes, confront\u00e9s \u00e0 des conditions extr\u00eames et \u00e0 une grande solitude. Cette s\u00e9rie est une \u00e9pop\u00e9e glorifiant la relation entre le marin, son voilier et les \u00e9l\u00e9ments.","og_url":"https:\/\/captain-atlas.com\/en\/product\/iles-du-cap-vert\/","og_site_name":"Captain Atlas","article_modified_time":"2026-03-12T19:47:33+00:00","og_image":[{"width":1000,"height":1400,"url":"https:\/\/captain-atlas.com\/wp-content\/uploads\/2022\/02\/captain-atlas-affiche-produit-cap-vert-800x800-5.jpg","type":"image\/jpeg"}],"twitter_misc":{"Estimated reading time":"1 minute"},"schema":{"@context":"https:\/\/schema.org","@graph":[{"@type":"WebPage","@id":"https:\/\/captain-atlas.com\/en\/product\/iles-du-cap-vert\/","url":"https:\/\/captain-atlas.com\/en\/product\/iles-du-cap-vert\/","name":"Iles du Cap Vert - Captain Atlas","isPartOf":{"@id":"https:\/\/captain-atlas.com\/#website"},"primaryImageOfPage":{"@id":"https:\/\/captain-atlas.com\/en\/product\/iles-du-cap-vert\/#primaryimage"},"image":{"@id":"https:\/\/captain-atlas.com\/en\/product\/iles-du-cap-vert\/#primaryimage"},"thumbnailUrl":"https:\/\/captain-atlas.com\/wp-content\/uploads\/2022\/02\/captain-atlas-affiche-produit-cap-vert-800x800-5.jpg","datePublished":"2021-03-03T15:46:04+00:00","dateModified":"2026-03-12T19:47:33+00:00","description":"Affiche du VG2020. Illustration d'un voilier en course au large. Il s\u2019agit d\u2019un hommage \u00e0 la plus grande des courses au large \u00e0 la voile : le tour du monde en solitaire, sans escale et sans assistance. C\u2019est une immersion dans l\u2019univers de marins hors normes, confront\u00e9s \u00e0 des conditions extr\u00eames et \u00e0 une grande solitude. Cette s\u00e9rie est une \u00e9pop\u00e9e glorifiant la relation entre le marin, son voilier et les \u00e9l\u00e9ments.","breadcrumb":{"@id":"https:\/\/captain-atlas.com\/en\/product\/iles-du-cap-vert\/#breadcrumb"},"inLanguage":"en-GB","potentialAction":[{"@type":"ReadAction","target":["https:\/\/captain-atlas.com\/en\/product\/iles-du-cap-vert\/"]}]},{"@type":"ImageObject","inLanguage":"en-GB","@id":"https:\/\/captain-atlas.com\/en\/product\/iles-du-cap-vert\/#primaryimage","url":"https:\/\/captain-atlas.com\/wp-content\/uploads\/2022\/02\/captain-atlas-affiche-produit-cap-vert-800x800-5.jpg","contentUrl":"https:\/\/captain-atlas.com\/wp-content\/uploads\/2022\/02\/captain-atlas-affiche-produit-cap-vert-800x800-5.jpg","width":1000,"height":1400,"caption":"Iles du Cap Vert"},{"@type":"BreadcrumbList","@id":"https:\/\/captain-atlas.com\/en\/product\/iles-du-cap-vert\/#breadcrumb","itemListElement":[{"@type":"ListItem","position":1,"name":"Shop","item":"https:\/\/captain-atlas.com\/shop\/"},{"@type":"ListItem","position":2,"name":"Iles du Cap Vert"}]},{"@type":"WebSite","@id":"https:\/\/captain-atlas.com\/#website","url":"https:\/\/captain-atlas.com\/","name":"Captain Atlas","description":"Illustration","publisher":{"@id":"https:\/\/captain-atlas.com\/#organization"},"potentialAction":[{"@type":"SearchAction","target":{"@type":"EntryPoint","urlTemplate":"https:\/\/captain-atlas.com\/?s={search_term_string}"},"query-input":{"@type":"PropertyValueSpecification","valueRequired":true,"valueName":"search_term_string"}}],"inLanguage":"en-GB"},{"@type":"Organization","@id":"https:\/\/captain-atlas.com\/#organization","name":"Captain Atlas","url":"https:\/\/captain-atlas.com\/","logo":{"@type":"ImageObject","inLanguage":"en-GB","@id":"https:\/\/captain-atlas.com\/#\/schema\/logo\/image\/","url":"https:\/\/captain-atlas.com\/wp-content\/uploads\/2021\/02\/Logo-Captain-Atlas.png","contentUrl":"https:\/\/captain-atlas.com\/wp-content\/uploads\/2021\/02\/Logo-Captain-Atlas.png","width":1000,"height":215,"caption":"Captain Atlas"},"image":{"@id":"https:\/\/captain-atlas.com\/#\/schema\/logo\/image\/"}}]}},"_links":{"self":[{"href":"https:\/\/captain-atlas.com\/en\/wp-json\/wp\/v2\/product\/1470","targetHints":{"allow":["GET"]}}],"collection":[{"href":"https:\/\/captain-atlas.com\/en\/wp-json\/wp\/v2\/product"}],"about":[{"href":"https:\/\/captain-atlas.com\/en\/wp-json\/wp\/v2\/types\/product"}],"version-history":[{"count":0,"href":"https:\/\/captain-atlas.com\/en\/wp-json\/wp\/v2\/product\/1470\/revisions"}],"wp:featuredmedia":[{"embeddable":true,"href":"https:\/\/captain-atlas.com\/en\/wp-json\/wp\/v2\/media\/6411"}],"wp:attachment":[{"href":"https:\/\/captain-atlas.com\/en\/wp-json\/wp\/v2\/media?parent=1470"}],"wp:term":[{"taxonomy":"product_brand","embeddable":true,"href":"https:\/\/captain-atlas.com\/en\/wp-json\/wp\/v2\/product_brand?post=1470"},{"taxonomy":"product_cat","embeddable":true,"href":"https:\/\/captain-atlas.com\/en\/wp-json\/wp\/v2\/product_cat?post=1470"},{"taxonomy":"product_tag","embeddable":true,"href":"https:\/\/captain-atlas.com\/en\/wp-json\/wp\/v2\/product_tag?post=1470"}],"curies":[{"name":"wp","href":"https:\/\/api.w.org\/{rel}","templated":true}]}}