{"id":1484,"date":"2021-03-03T16:55:39","date_gmt":"2021-03-03T15:55:39","guid":{"rendered":"https:\/\/captain-atlas.com\/?post_type=product&#038;p=1484"},"modified":"2023-05-08T12:46:44","modified_gmt":"2023-05-08T11:46:44","slug":"rio-de-janeiro","status":"publish","type":"product","link":"https:\/\/captain-atlas.com\/en\/product\/rio-de-janeiro\/","title":{"rendered":"Rio de Janeiro"},"content":{"rendered":"<p><strong>30x40cm Format<br \/>\n<\/strong>Quadri print<br \/>\nPrint Speed offset white paper 300 gr<br \/>\nUnframed<\/p>\n<p><strong>50x70cm Format<br \/>\n<\/strong>Quadri print<br \/>\nPoster paper 160 gr<br \/>\nUnframed<\/p>\n<p><strong>Shipping<br \/>\n<\/strong>Silk paper wrapping<br \/>\nThick and strong cardboard packaging<br \/>\nDispatch within a maximum of 7 days<\/p>","protected":false},"excerpt":{"rendered":"<p>Format 30x40cm Impression num\u00e9rique quadri Papier Print Speed offset blanc 300 gr Vendu sans cadre Format 50x70cm Impression num\u00e9rique quadri Papier affiche 160 gr Vendu sans cadre Exp\u00e9dition Protection en papier de soie Conditionnement en carton \u00e9pais et solide Exp\u00e9dition &hellip;<\/p>\n<p class=\"read-more\"> <a class=\"more-link\" href=\"https:\/\/captain-atlas.com\/en\/product\/rio-de-janeiro\/\"> <span class=\"screen-reader-text\">Rio de Janeiro<\/span> Read More &raquo;<\/a><\/p>","protected":false},"featured_media":6425,"template":"","meta":[],"product_brand":[],"product_cat":[21],"product_tag":[31,32,34,33],"class_list":{"0":"post-1484","1":"product","2":"type-product","3":"status-publish","4":"has-post-thumbnail","6":"product_cat-affiche","7":"product_tag-poster","8":"product_tag-sailing","9":"product_tag-sea","10":"product_tag-vg2020","12":"first","13":"outofstock","14":"taxable","15":"shipping-taxable","16":"purchasable","17":"product-type-variable","18":"has-default-attributes"},"yoast_head":"<!-- This site is optimized with the Yoast SEO plugin v27.3 - https:\/\/yoast.com\/product\/yoast-seo-wordpress\/ -->\n<title>Rio de Janeiro - Captain Atlas<\/title>\n<meta name=\"description\" content=\"Affiche du VG2020. Illustration d&#039;un voilier en course au large. Il s\u2019agit d\u2019un hommage \u00e0 la plus grande des courses au large \u00e0 la voile : le tour du monde en solitaire, sans escale et sans assistance. C\u2019est une immersion dans l\u2019univers de marins hors normes, confront\u00e9s \u00e0 des conditions extr\u00eames et \u00e0 une grande solitude. Cette s\u00e9rie est une \u00e9pop\u00e9e glorifiant la relation entre le marin, son voilier et les \u00e9l\u00e9ments.\" \/>\n<meta name=\"robots\" content=\"index, follow, max-snippet:-1, max-image-preview:large, max-video-preview:-1\" \/>\n<link rel=\"canonical\" href=\"https:\/\/captain-atlas.com\/en\/product\/rio-de-janeiro\/\" \/>\n<meta property=\"og:locale\" content=\"en_GB\" \/>\n<meta property=\"og:type\" content=\"article\" \/>\n<meta property=\"og:title\" content=\"Rio de Janeiro - Captain Atlas\" \/>\n<meta property=\"og:description\" content=\"Affiche du VG2020. Illustration d&#039;un voilier en course au large. Il s\u2019agit d\u2019un hommage \u00e0 la plus grande des courses au large \u00e0 la voile : le tour du monde en solitaire, sans escale et sans assistance. C\u2019est une immersion dans l\u2019univers de marins hors normes, confront\u00e9s \u00e0 des conditions extr\u00eames et \u00e0 une grande solitude. Cette s\u00e9rie est une \u00e9pop\u00e9e glorifiant la relation entre le marin, son voilier et les \u00e9l\u00e9ments.\" \/>\n<meta property=\"og:url\" content=\"https:\/\/captain-atlas.com\/en\/product\/rio-de-janeiro\/\" \/>\n<meta property=\"og:site_name\" content=\"Captain Atlas\" \/>\n<meta property=\"article:modified_time\" content=\"2023-05-08T11:46:44+00:00\" \/>\n<meta property=\"og:image\" content=\"https:\/\/captain-atlas.com\/wp-content\/uploads\/2021\/03\/captain-atlas-affiche-produit-rio-de-janeiro-1000x1400-5-1.jpg\" \/>\n\t<meta property=\"og:image:width\" content=\"1000\" \/>\n\t<meta property=\"og:image:height\" content=\"1400\" \/>\n\t<meta property=\"og:image:type\" content=\"image\/jpeg\" \/>\n<meta name=\"twitter:label1\" content=\"Estimated reading time\" \/>\n\t<meta name=\"twitter:data1\" content=\"1 minute\" \/>\n<script type=\"application\/ld+json\" class=\"yoast-schema-graph\">{\"@context\":\"https:\\\/\\\/schema.org\",\"@graph\":[{\"@type\":\"WebPage\",\"@id\":\"https:\\\/\\\/captain-atlas.com\\\/en\\\/product\\\/rio-de-janeiro\\\/\",\"url\":\"https:\\\/\\\/captain-atlas.com\\\/en\\\/product\\\/rio-de-janeiro\\\/\",\"name\":\"Rio de Janeiro - Captain Atlas\",\"isPartOf\":{\"@id\":\"https:\\\/\\\/captain-atlas.com\\\/#website\"},\"primaryImageOfPage\":{\"@id\":\"https:\\\/\\\/captain-atlas.com\\\/en\\\/product\\\/rio-de-janeiro\\\/#primaryimage\"},\"image\":{\"@id\":\"https:\\\/\\\/captain-atlas.com\\\/en\\\/product\\\/rio-de-janeiro\\\/#primaryimage\"},\"thumbnailUrl\":\"https:\\\/\\\/captain-atlas.com\\\/wp-content\\\/uploads\\\/2021\\\/03\\\/captain-atlas-affiche-produit-rio-de-janeiro-1000x1400-5-1.jpg\",\"datePublished\":\"2021-03-03T15:55:39+00:00\",\"dateModified\":\"2023-05-08T11:46:44+00:00\",\"description\":\"Affiche du VG2020. Illustration d'un voilier en course au large. Il s\u2019agit d\u2019un hommage \u00e0 la plus grande des courses au large \u00e0 la voile : le tour du monde en solitaire, sans escale et sans assistance. C\u2019est une immersion dans l\u2019univers de marins hors normes, confront\u00e9s \u00e0 des conditions extr\u00eames et \u00e0 une grande solitude. Cette s\u00e9rie est une \u00e9pop\u00e9e glorifiant la relation entre le marin, son voilier et les \u00e9l\u00e9ments.\",\"breadcrumb\":{\"@id\":\"https:\\\/\\\/captain-atlas.com\\\/en\\\/product\\\/rio-de-janeiro\\\/#breadcrumb\"},\"inLanguage\":\"en-GB\",\"potentialAction\":[{\"@type\":\"ReadAction\",\"target\":[\"https:\\\/\\\/captain-atlas.com\\\/en\\\/product\\\/rio-de-janeiro\\\/\"]}]},{\"@type\":\"ImageObject\",\"inLanguage\":\"en-GB\",\"@id\":\"https:\\\/\\\/captain-atlas.com\\\/en\\\/product\\\/rio-de-janeiro\\\/#primaryimage\",\"url\":\"https:\\\/\\\/captain-atlas.com\\\/wp-content\\\/uploads\\\/2021\\\/03\\\/captain-atlas-affiche-produit-rio-de-janeiro-1000x1400-5-1.jpg\",\"contentUrl\":\"https:\\\/\\\/captain-atlas.com\\\/wp-content\\\/uploads\\\/2021\\\/03\\\/captain-atlas-affiche-produit-rio-de-janeiro-1000x1400-5-1.jpg\",\"width\":1000,\"height\":1400,\"caption\":\"Rio de Janeiro\"},{\"@type\":\"BreadcrumbList\",\"@id\":\"https:\\\/\\\/captain-atlas.com\\\/en\\\/product\\\/rio-de-janeiro\\\/#breadcrumb\",\"itemListElement\":[{\"@type\":\"ListItem\",\"position\":1,\"name\":\"Shop\",\"item\":\"https:\\\/\\\/captain-atlas.com\\\/shop\\\/\"},{\"@type\":\"ListItem\",\"position\":2,\"name\":\"Rio de Janeiro\"}]},{\"@type\":\"WebSite\",\"@id\":\"https:\\\/\\\/captain-atlas.com\\\/#website\",\"url\":\"https:\\\/\\\/captain-atlas.com\\\/\",\"name\":\"Captain Atlas\",\"description\":\"Illustration\",\"publisher\":{\"@id\":\"https:\\\/\\\/captain-atlas.com\\\/#organization\"},\"potentialAction\":[{\"@type\":\"SearchAction\",\"target\":{\"@type\":\"EntryPoint\",\"urlTemplate\":\"https:\\\/\\\/captain-atlas.com\\\/?s={search_term_string}\"},\"query-input\":{\"@type\":\"PropertyValueSpecification\",\"valueRequired\":true,\"valueName\":\"search_term_string\"}}],\"inLanguage\":\"en-GB\"},{\"@type\":\"Organization\",\"@id\":\"https:\\\/\\\/captain-atlas.com\\\/#organization\",\"name\":\"Captain Atlas\",\"url\":\"https:\\\/\\\/captain-atlas.com\\\/\",\"logo\":{\"@type\":\"ImageObject\",\"inLanguage\":\"en-GB\",\"@id\":\"https:\\\/\\\/captain-atlas.com\\\/#\\\/schema\\\/logo\\\/image\\\/\",\"url\":\"https:\\\/\\\/captain-atlas.com\\\/wp-content\\\/uploads\\\/2021\\\/02\\\/Logo-Captain-Atlas.png\",\"contentUrl\":\"https:\\\/\\\/captain-atlas.com\\\/wp-content\\\/uploads\\\/2021\\\/02\\\/Logo-Captain-Atlas.png\",\"width\":1000,\"height\":215,\"caption\":\"Captain Atlas\"},\"image\":{\"@id\":\"https:\\\/\\\/captain-atlas.com\\\/#\\\/schema\\\/logo\\\/image\\\/\"}}]}<\/script>\n<!-- \/ Yoast SEO plugin. -->","yoast_head_json":{"title":"Rio de Janeiro - Captain Atlas","description":"Affiche du VG2020. Illustration d'un voilier en course au large. Il s\u2019agit d\u2019un hommage \u00e0 la plus grande des courses au large \u00e0 la voile : le tour du monde en solitaire, sans escale et sans assistance. C\u2019est une immersion dans l\u2019univers de marins hors normes, confront\u00e9s \u00e0 des conditions extr\u00eames et \u00e0 une grande solitude. Cette s\u00e9rie est une \u00e9pop\u00e9e glorifiant la relation entre le marin, son voilier et les \u00e9l\u00e9ments.","robots":{"index":"index","follow":"follow","max-snippet":"max-snippet:-1","max-image-preview":"max-image-preview:large","max-video-preview":"max-video-preview:-1"},"canonical":"https:\/\/captain-atlas.com\/en\/product\/rio-de-janeiro\/","og_locale":"en_GB","og_type":"article","og_title":"Rio de Janeiro - Captain Atlas","og_description":"Affiche du VG2020. Illustration d'un voilier en course au large. Il s\u2019agit d\u2019un hommage \u00e0 la plus grande des courses au large \u00e0 la voile : le tour du monde en solitaire, sans escale et sans assistance. C\u2019est une immersion dans l\u2019univers de marins hors normes, confront\u00e9s \u00e0 des conditions extr\u00eames et \u00e0 une grande solitude. Cette s\u00e9rie est une \u00e9pop\u00e9e glorifiant la relation entre le marin, son voilier et les \u00e9l\u00e9ments.","og_url":"https:\/\/captain-atlas.com\/en\/product\/rio-de-janeiro\/","og_site_name":"Captain Atlas","article_modified_time":"2023-05-08T11:46:44+00:00","og_image":[{"width":1000,"height":1400,"url":"https:\/\/captain-atlas.com\/wp-content\/uploads\/2021\/03\/captain-atlas-affiche-produit-rio-de-janeiro-1000x1400-5-1.jpg","type":"image\/jpeg"}],"twitter_misc":{"Estimated reading time":"1 minute"},"schema":{"@context":"https:\/\/schema.org","@graph":[{"@type":"WebPage","@id":"https:\/\/captain-atlas.com\/en\/product\/rio-de-janeiro\/","url":"https:\/\/captain-atlas.com\/en\/product\/rio-de-janeiro\/","name":"Rio de Janeiro - Captain Atlas","isPartOf":{"@id":"https:\/\/captain-atlas.com\/#website"},"primaryImageOfPage":{"@id":"https:\/\/captain-atlas.com\/en\/product\/rio-de-janeiro\/#primaryimage"},"image":{"@id":"https:\/\/captain-atlas.com\/en\/product\/rio-de-janeiro\/#primaryimage"},"thumbnailUrl":"https:\/\/captain-atlas.com\/wp-content\/uploads\/2021\/03\/captain-atlas-affiche-produit-rio-de-janeiro-1000x1400-5-1.jpg","datePublished":"2021-03-03T15:55:39+00:00","dateModified":"2023-05-08T11:46:44+00:00","description":"Affiche du VG2020. Illustration d'un voilier en course au large. Il s\u2019agit d\u2019un hommage \u00e0 la plus grande des courses au large \u00e0 la voile : le tour du monde en solitaire, sans escale et sans assistance. C\u2019est une immersion dans l\u2019univers de marins hors normes, confront\u00e9s \u00e0 des conditions extr\u00eames et \u00e0 une grande solitude. Cette s\u00e9rie est une \u00e9pop\u00e9e glorifiant la relation entre le marin, son voilier et les \u00e9l\u00e9ments.","breadcrumb":{"@id":"https:\/\/captain-atlas.com\/en\/product\/rio-de-janeiro\/#breadcrumb"},"inLanguage":"en-GB","potentialAction":[{"@type":"ReadAction","target":["https:\/\/captain-atlas.com\/en\/product\/rio-de-janeiro\/"]}]},{"@type":"ImageObject","inLanguage":"en-GB","@id":"https:\/\/captain-atlas.com\/en\/product\/rio-de-janeiro\/#primaryimage","url":"https:\/\/captain-atlas.com\/wp-content\/uploads\/2021\/03\/captain-atlas-affiche-produit-rio-de-janeiro-1000x1400-5-1.jpg","contentUrl":"https:\/\/captain-atlas.com\/wp-content\/uploads\/2021\/03\/captain-atlas-affiche-produit-rio-de-janeiro-1000x1400-5-1.jpg","width":1000,"height":1400,"caption":"Rio de Janeiro"},{"@type":"BreadcrumbList","@id":"https:\/\/captain-atlas.com\/en\/product\/rio-de-janeiro\/#breadcrumb","itemListElement":[{"@type":"ListItem","position":1,"name":"Shop","item":"https:\/\/captain-atlas.com\/shop\/"},{"@type":"ListItem","position":2,"name":"Rio de Janeiro"}]},{"@type":"WebSite","@id":"https:\/\/captain-atlas.com\/#website","url":"https:\/\/captain-atlas.com\/","name":"Captain Atlas","description":"Illustration","publisher":{"@id":"https:\/\/captain-atlas.com\/#organization"},"potentialAction":[{"@type":"SearchAction","target":{"@type":"EntryPoint","urlTemplate":"https:\/\/captain-atlas.com\/?s={search_term_string}"},"query-input":{"@type":"PropertyValueSpecification","valueRequired":true,"valueName":"search_term_string"}}],"inLanguage":"en-GB"},{"@type":"Organization","@id":"https:\/\/captain-atlas.com\/#organization","name":"Captain Atlas","url":"https:\/\/captain-atlas.com\/","logo":{"@type":"ImageObject","inLanguage":"en-GB","@id":"https:\/\/captain-atlas.com\/#\/schema\/logo\/image\/","url":"https:\/\/captain-atlas.com\/wp-content\/uploads\/2021\/02\/Logo-Captain-Atlas.png","contentUrl":"https:\/\/captain-atlas.com\/wp-content\/uploads\/2021\/02\/Logo-Captain-Atlas.png","width":1000,"height":215,"caption":"Captain Atlas"},"image":{"@id":"https:\/\/captain-atlas.com\/#\/schema\/logo\/image\/"}}]}},"_links":{"self":[{"href":"https:\/\/captain-atlas.com\/en\/wp-json\/wp\/v2\/product\/1484","targetHints":{"allow":["GET"]}}],"collection":[{"href":"https:\/\/captain-atlas.com\/en\/wp-json\/wp\/v2\/product"}],"about":[{"href":"https:\/\/captain-atlas.com\/en\/wp-json\/wp\/v2\/types\/product"}],"version-history":[{"count":0,"href":"https:\/\/captain-atlas.com\/en\/wp-json\/wp\/v2\/product\/1484\/revisions"}],"wp:featuredmedia":[{"embeddable":true,"href":"https:\/\/captain-atlas.com\/en\/wp-json\/wp\/v2\/media\/6425"}],"wp:attachment":[{"href":"https:\/\/captain-atlas.com\/en\/wp-json\/wp\/v2\/media?parent=1484"}],"wp:term":[{"taxonomy":"product_brand","embeddable":true,"href":"https:\/\/captain-atlas.com\/en\/wp-json\/wp\/v2\/product_brand?post=1484"},{"taxonomy":"product_cat","embeddable":true,"href":"https:\/\/captain-atlas.com\/en\/wp-json\/wp\/v2\/product_cat?post=1484"},{"taxonomy":"product_tag","embeddable":true,"href":"https:\/\/captain-atlas.com\/en\/wp-json\/wp\/v2\/product_tag?post=1484"}],"curies":[{"name":"wp","href":"https:\/\/api.w.org\/{rel}","templated":true}]}}