{"id":8363,"date":"2024-05-14T06:38:03","date_gmt":"2024-05-14T05:38:03","guid":{"rendered":"https:\/\/captain-atlas.com\/?post_type=product&#038;p=8363"},"modified":"2026-03-12T19:12:50","modified_gmt":"2026-03-12T18:12:50","slug":"limperatrice","status":"publish","type":"product","link":"https:\/\/captain-atlas.com\/en\/product\/limperatrice\/","title":{"rendered":"L&#8217;imp\u00e9ratrice"},"content":{"rendered":"<p><strong>30x40cm Format<br \/>\n<\/strong>Limited edition of 50<br \/>\nHand signed and numeroted prints<br \/>\nQuadri print<br \/>\nPrint Speed offset white paper 300 gr<br \/>\nUnframed<\/p>\n<p><strong>50x70cm Format<br \/>\n<\/strong>Limited edition of 50<br \/>\nHand signed and numeroted prints<br \/>\nQuadri print<br \/>\nPoster paper 160 gr<br \/>\nUnframed<\/p>\n<p><strong>Shipping<br \/>\n<\/strong>Silk paper wrapping<br \/>\nThick and strong cardboard packaging<br \/>\nDispatch within a maximum of 7 days<\/p>","protected":false},"excerpt":{"rendered":"<p>S\u00e9rie Envol<\/p>","protected":false},"featured_media":8324,"template":"","meta":[],"product_brand":[],"product_cat":[21],"product_tag":[84,90,40,110,109,106,88,52,102,31,111,34,96],"class_list":{"0":"post-8363","1":"product","2":"type-product","3":"status-publish","4":"has-post-thumbnail","6":"product_cat-affiche","7":"product_tag-affiche","8":"product_tag-bateau","9":"product_tag-boat","10":"product_tag-dolphin","11":"product_tag-fishing","12":"product_tag-lighthouse","13":"product_tag-mer","14":"product_tag-phare","15":"product_tag-port","16":"product_tag-poster","17":"product_tag-saint-gilles","18":"product_tag-sea","19":"product_tag-ship","21":"first","22":"outofstock","23":"taxable","24":"shipping-taxable","25":"purchasable","26":"product-type-variable","27":"has-default-attributes"},"yoast_head":"<!-- This site is optimized with the Yoast SEO plugin v27.3 - https:\/\/yoast.com\/product\/yoast-seo-wordpress\/ -->\n<title>L&#039;imp\u00e9ratrice - Captain Atlas<\/title>\n<meta name=\"description\" content=\"Affiche du Phare du Portzic, Goulet de Brest. Illustration d&#039;un sous marin nucl\u00e9aire lanceur d&#039;engins de la Marine Nationale au d\u00e9part de Brest.\" \/>\n<meta name=\"robots\" content=\"index, follow, max-snippet:-1, max-image-preview:large, max-video-preview:-1\" \/>\n<link rel=\"canonical\" href=\"https:\/\/captain-atlas.com\/en\/product\/limperatrice\/\" \/>\n<meta property=\"og:locale\" content=\"en_GB\" \/>\n<meta property=\"og:type\" content=\"article\" \/>\n<meta property=\"og:title\" content=\"L&#039;imp\u00e9ratrice - Captain Atlas\" \/>\n<meta property=\"og:description\" content=\"Affiche du Phare du Portzic, Goulet de Brest. Illustration d&#039;un sous marin nucl\u00e9aire lanceur d&#039;engins de la Marine Nationale au d\u00e9part de Brest.\" \/>\n<meta property=\"og:url\" content=\"https:\/\/captain-atlas.com\/en\/product\/limperatrice\/\" \/>\n<meta property=\"og:site_name\" content=\"Captain Atlas\" \/>\n<meta property=\"article:modified_time\" content=\"2026-03-12T18:12:50+00:00\" \/>\n<meta property=\"og:image\" content=\"https:\/\/captain-atlas.com\/wp-content\/uploads\/2024\/05\/captain-atlas-affiche-produit-l-imperatrice-1000x1400-1.jpg\" \/>\n\t<meta property=\"og:image:width\" content=\"1000\" \/>\n\t<meta property=\"og:image:height\" content=\"1400\" \/>\n\t<meta property=\"og:image:type\" content=\"image\/jpeg\" \/>\n<meta name=\"twitter:label1\" content=\"Estimated reading time\" \/>\n\t<meta name=\"twitter:data1\" content=\"1 minute\" \/>\n<script type=\"application\/ld+json\" class=\"yoast-schema-graph\">{\"@context\":\"https:\\\/\\\/schema.org\",\"@graph\":[{\"@type\":\"WebPage\",\"@id\":\"https:\\\/\\\/captain-atlas.com\\\/produit\\\/limperatrice\\\/\",\"url\":\"https:\\\/\\\/captain-atlas.com\\\/produit\\\/limperatrice\\\/\",\"name\":\"L'imp\u00e9ratrice - Captain Atlas\",\"isPartOf\":{\"@id\":\"https:\\\/\\\/captain-atlas.com\\\/#website\"},\"primaryImageOfPage\":{\"@id\":\"https:\\\/\\\/captain-atlas.com\\\/produit\\\/limperatrice\\\/#primaryimage\"},\"image\":{\"@id\":\"https:\\\/\\\/captain-atlas.com\\\/produit\\\/limperatrice\\\/#primaryimage\"},\"thumbnailUrl\":\"https:\\\/\\\/captain-atlas.com\\\/wp-content\\\/uploads\\\/2024\\\/05\\\/captain-atlas-affiche-produit-l-imperatrice-1000x1400-1.jpg\",\"datePublished\":\"2024-05-14T05:38:03+00:00\",\"dateModified\":\"2026-03-12T18:12:50+00:00\",\"description\":\"Affiche du Phare du Portzic, Goulet de Brest. Illustration d'un sous marin nucl\u00e9aire lanceur d'engins de la Marine Nationale au d\u00e9part de Brest.\",\"breadcrumb\":{\"@id\":\"https:\\\/\\\/captain-atlas.com\\\/produit\\\/limperatrice\\\/#breadcrumb\"},\"inLanguage\":\"en-GB\",\"potentialAction\":[{\"@type\":\"ReadAction\",\"target\":[\"https:\\\/\\\/captain-atlas.com\\\/produit\\\/limperatrice\\\/\"]}]},{\"@type\":\"ImageObject\",\"inLanguage\":\"en-GB\",\"@id\":\"https:\\\/\\\/captain-atlas.com\\\/produit\\\/limperatrice\\\/#primaryimage\",\"url\":\"https:\\\/\\\/captain-atlas.com\\\/wp-content\\\/uploads\\\/2024\\\/05\\\/captain-atlas-affiche-produit-l-imperatrice-1000x1400-1.jpg\",\"contentUrl\":\"https:\\\/\\\/captain-atlas.com\\\/wp-content\\\/uploads\\\/2024\\\/05\\\/captain-atlas-affiche-produit-l-imperatrice-1000x1400-1.jpg\",\"width\":1000,\"height\":1400,\"caption\":\"L'imp\u00e9ratrice\"},{\"@type\":\"BreadcrumbList\",\"@id\":\"https:\\\/\\\/captain-atlas.com\\\/produit\\\/limperatrice\\\/#breadcrumb\",\"itemListElement\":[{\"@type\":\"ListItem\",\"position\":1,\"name\":\"Shop\",\"item\":\"https:\\\/\\\/captain-atlas.com\\\/shop\\\/\"},{\"@type\":\"ListItem\",\"position\":2,\"name\":\"L&#8217;imp\u00e9ratrice\"}]},{\"@type\":\"WebSite\",\"@id\":\"https:\\\/\\\/captain-atlas.com\\\/#website\",\"url\":\"https:\\\/\\\/captain-atlas.com\\\/\",\"name\":\"Captain Atlas\",\"description\":\"Illustration\",\"publisher\":{\"@id\":\"https:\\\/\\\/captain-atlas.com\\\/#organization\"},\"potentialAction\":[{\"@type\":\"SearchAction\",\"target\":{\"@type\":\"EntryPoint\",\"urlTemplate\":\"https:\\\/\\\/captain-atlas.com\\\/?s={search_term_string}\"},\"query-input\":{\"@type\":\"PropertyValueSpecification\",\"valueRequired\":true,\"valueName\":\"search_term_string\"}}],\"inLanguage\":\"en-GB\"},{\"@type\":\"Organization\",\"@id\":\"https:\\\/\\\/captain-atlas.com\\\/#organization\",\"name\":\"Captain Atlas\",\"url\":\"https:\\\/\\\/captain-atlas.com\\\/\",\"logo\":{\"@type\":\"ImageObject\",\"inLanguage\":\"en-GB\",\"@id\":\"https:\\\/\\\/captain-atlas.com\\\/#\\\/schema\\\/logo\\\/image\\\/\",\"url\":\"https:\\\/\\\/captain-atlas.com\\\/wp-content\\\/uploads\\\/2021\\\/02\\\/Logo-Captain-Atlas.png\",\"contentUrl\":\"https:\\\/\\\/captain-atlas.com\\\/wp-content\\\/uploads\\\/2021\\\/02\\\/Logo-Captain-Atlas.png\",\"width\":1000,\"height\":215,\"caption\":\"Captain Atlas\"},\"image\":{\"@id\":\"https:\\\/\\\/captain-atlas.com\\\/#\\\/schema\\\/logo\\\/image\\\/\"}}]}<\/script>\n<!-- \/ Yoast SEO plugin. -->","yoast_head_json":{"title":"L'imp\u00e9ratrice - Captain Atlas","description":"Affiche du Phare du Portzic, Goulet de Brest. Illustration d'un sous marin nucl\u00e9aire lanceur d'engins de la Marine Nationale au d\u00e9part de Brest.","robots":{"index":"index","follow":"follow","max-snippet":"max-snippet:-1","max-image-preview":"max-image-preview:large","max-video-preview":"max-video-preview:-1"},"canonical":"https:\/\/captain-atlas.com\/en\/product\/limperatrice\/","og_locale":"en_GB","og_type":"article","og_title":"L'imp\u00e9ratrice - Captain Atlas","og_description":"Affiche du Phare du Portzic, Goulet de Brest. Illustration d'un sous marin nucl\u00e9aire lanceur d'engins de la Marine Nationale au d\u00e9part de Brest.","og_url":"https:\/\/captain-atlas.com\/en\/product\/limperatrice\/","og_site_name":"Captain Atlas","article_modified_time":"2026-03-12T18:12:50+00:00","og_image":[{"width":1000,"height":1400,"url":"https:\/\/captain-atlas.com\/wp-content\/uploads\/2024\/05\/captain-atlas-affiche-produit-l-imperatrice-1000x1400-1.jpg","type":"image\/jpeg"}],"twitter_misc":{"Estimated reading time":"1 minute"},"schema":{"@context":"https:\/\/schema.org","@graph":[{"@type":"WebPage","@id":"https:\/\/captain-atlas.com\/produit\/limperatrice\/","url":"https:\/\/captain-atlas.com\/produit\/limperatrice\/","name":"L'imp\u00e9ratrice - Captain Atlas","isPartOf":{"@id":"https:\/\/captain-atlas.com\/#website"},"primaryImageOfPage":{"@id":"https:\/\/captain-atlas.com\/produit\/limperatrice\/#primaryimage"},"image":{"@id":"https:\/\/captain-atlas.com\/produit\/limperatrice\/#primaryimage"},"thumbnailUrl":"https:\/\/captain-atlas.com\/wp-content\/uploads\/2024\/05\/captain-atlas-affiche-produit-l-imperatrice-1000x1400-1.jpg","datePublished":"2024-05-14T05:38:03+00:00","dateModified":"2026-03-12T18:12:50+00:00","description":"Affiche du Phare du Portzic, Goulet de Brest. Illustration d'un sous marin nucl\u00e9aire lanceur d'engins de la Marine Nationale au d\u00e9part de Brest.","breadcrumb":{"@id":"https:\/\/captain-atlas.com\/produit\/limperatrice\/#breadcrumb"},"inLanguage":"en-GB","potentialAction":[{"@type":"ReadAction","target":["https:\/\/captain-atlas.com\/produit\/limperatrice\/"]}]},{"@type":"ImageObject","inLanguage":"en-GB","@id":"https:\/\/captain-atlas.com\/produit\/limperatrice\/#primaryimage","url":"https:\/\/captain-atlas.com\/wp-content\/uploads\/2024\/05\/captain-atlas-affiche-produit-l-imperatrice-1000x1400-1.jpg","contentUrl":"https:\/\/captain-atlas.com\/wp-content\/uploads\/2024\/05\/captain-atlas-affiche-produit-l-imperatrice-1000x1400-1.jpg","width":1000,"height":1400,"caption":"L'imp\u00e9ratrice"},{"@type":"BreadcrumbList","@id":"https:\/\/captain-atlas.com\/produit\/limperatrice\/#breadcrumb","itemListElement":[{"@type":"ListItem","position":1,"name":"Shop","item":"https:\/\/captain-atlas.com\/shop\/"},{"@type":"ListItem","position":2,"name":"L&#8217;imp\u00e9ratrice"}]},{"@type":"WebSite","@id":"https:\/\/captain-atlas.com\/#website","url":"https:\/\/captain-atlas.com\/","name":"Captain Atlas","description":"Illustration","publisher":{"@id":"https:\/\/captain-atlas.com\/#organization"},"potentialAction":[{"@type":"SearchAction","target":{"@type":"EntryPoint","urlTemplate":"https:\/\/captain-atlas.com\/?s={search_term_string}"},"query-input":{"@type":"PropertyValueSpecification","valueRequired":true,"valueName":"search_term_string"}}],"inLanguage":"en-GB"},{"@type":"Organization","@id":"https:\/\/captain-atlas.com\/#organization","name":"Captain Atlas","url":"https:\/\/captain-atlas.com\/","logo":{"@type":"ImageObject","inLanguage":"en-GB","@id":"https:\/\/captain-atlas.com\/#\/schema\/logo\/image\/","url":"https:\/\/captain-atlas.com\/wp-content\/uploads\/2021\/02\/Logo-Captain-Atlas.png","contentUrl":"https:\/\/captain-atlas.com\/wp-content\/uploads\/2021\/02\/Logo-Captain-Atlas.png","width":1000,"height":215,"caption":"Captain Atlas"},"image":{"@id":"https:\/\/captain-atlas.com\/#\/schema\/logo\/image\/"}}]}},"_links":{"self":[{"href":"https:\/\/captain-atlas.com\/en\/wp-json\/wp\/v2\/product\/8363","targetHints":{"allow":["GET"]}}],"collection":[{"href":"https:\/\/captain-atlas.com\/en\/wp-json\/wp\/v2\/product"}],"about":[{"href":"https:\/\/captain-atlas.com\/en\/wp-json\/wp\/v2\/types\/product"}],"version-history":[{"count":2,"href":"https:\/\/captain-atlas.com\/en\/wp-json\/wp\/v2\/product\/8363\/revisions"}],"predecessor-version":[{"id":8368,"href":"https:\/\/captain-atlas.com\/en\/wp-json\/wp\/v2\/product\/8363\/revisions\/8368"}],"wp:featuredmedia":[{"embeddable":true,"href":"https:\/\/captain-atlas.com\/en\/wp-json\/wp\/v2\/media\/8324"}],"wp:attachment":[{"href":"https:\/\/captain-atlas.com\/en\/wp-json\/wp\/v2\/media?parent=8363"}],"wp:term":[{"taxonomy":"product_brand","embeddable":true,"href":"https:\/\/captain-atlas.com\/en\/wp-json\/wp\/v2\/product_brand?post=8363"},{"taxonomy":"product_cat","embeddable":true,"href":"https:\/\/captain-atlas.com\/en\/wp-json\/wp\/v2\/product_cat?post=8363"},{"taxonomy":"product_tag","embeddable":true,"href":"https:\/\/captain-atlas.com\/en\/wp-json\/wp\/v2\/product_tag?post=8363"}],"curies":[{"name":"wp","href":"https:\/\/api.w.org\/{rel}","templated":true}]}}